{"id":17429,"date":"2023-11-28T15:48:03","date_gmt":"2023-11-28T18:48:03","guid":{"rendered":"https:\/\/casadaescavadeira.com.br\/?post_type=product&#038;p=17429"},"modified":"2024-11-25T09:19:40","modified_gmt":"2024-11-25T12:19:40","slug":"acoplamento-centaflex-k-125-195-plastico","status":"publish","type":"product","link":"https:\/\/casadaescavadeira.com.br\/pt\/produto\/acoplamento-centaflex-k-125-195-plastico\/","title":{"rendered":"ACOPLAMENTO CENTAFLEX K-125-195 PL\u00c1STICO"},"content":{"rendered":"<p>Acoplamento Centaflex K-125-195 pl\u00e1stico \u00e9 uma pe\u00e7a composta de poliuretano e ferro condicionado em caixas simples de papel\u00e3o. Aplicado em escavadeiras hidr\u00e1ulicas da marca\u00a0 XCMG XE150D.<\/p>","protected":false},"excerpt":{"rendered":"<p>Acoplamento Centaflex K-125-195 pl\u00e1stico \u00e9 uma pe\u00e7a composta de poliuretano e ferro condicionado em caixas simples de papel\u00e3o. Aplicado em escavadeiras hidr\u00e1ulicas da marca\u00a0 XCMG XE150D.<\/p>","protected":false},"featured_media":17430,"comment_status":"closed","ping_status":"closed","template":"","meta":{"_acf_changed":false,"om_disable_all_campaigns":false,"_monsterinsights_skip_tracking":false,"_monsterinsights_sitenote_active":false,"_monsterinsights_sitenote_note":"","_monsterinsights_sitenote_category":0,"_uf_show_specific_survey":0,"_uf_disable_surveys":false},"product_brand":[],"product_cat":[298],"product_tag":[],"class_list":{"0":"post-17429","1":"product","2":"type-product","3":"status-publish","4":"has-post-thumbnail","6":"product_cat-acoplamento-flexivel","7":"pa_marca-xcmg","9":"first","10":"instock","11":"shipping-taxable","12":"product-type-simple"},"acf":[],"aioseo_notices":[],"_links":{"self":[{"href":"https:\/\/casadaescavadeira.com.br\/pt\/wp-json\/wp\/v2\/product\/17429","targetHints":{"allow":["GET"]}}],"collection":[{"href":"https:\/\/casadaescavadeira.com.br\/pt\/wp-json\/wp\/v2\/product"}],"about":[{"href":"https:\/\/casadaescavadeira.com.br\/pt\/wp-json\/wp\/v2\/types\/product"}],"replies":[{"embeddable":true,"href":"https:\/\/casadaescavadeira.com.br\/pt\/wp-json\/wp\/v2\/comments?post=17429"}],"wp:featuredmedia":[{"embeddable":true,"href":"https:\/\/casadaescavadeira.com.br\/pt\/wp-json\/wp\/v2\/media\/17430"}],"wp:attachment":[{"href":"https:\/\/casadaescavadeira.com.br\/pt\/wp-json\/wp\/v2\/media?parent=17429"}],"wp:term":[{"taxonomy":"product_brand","embeddable":true,"href":"https:\/\/casadaescavadeira.com.br\/pt\/wp-json\/wp\/v2\/product_brand?post=17429"},{"taxonomy":"product_cat","embeddable":true,"href":"https:\/\/casadaescavadeira.com.br\/pt\/wp-json\/wp\/v2\/product_cat?post=17429"},{"taxonomy":"product_tag","embeddable":true,"href":"https:\/\/casadaescavadeira.com.br\/pt\/wp-json\/wp\/v2\/product_tag?post=17429"}],"curies":[{"name":"wp","href":"https:\/\/api.w.org\/{rel}","templated":true}]}}