{"id":17286,"date":"2023-11-17T16:31:37","date_gmt":"2023-11-17T19:31:37","guid":{"rendered":"https:\/\/casadaescavadeira.com.br\/?post_type=product&#038;p=17286"},"modified":"2024-11-22T10:11:03","modified_gmt":"2024-11-22T13:11:03","slug":"valvula-de-alivio-principal-do-comando-3","status":"publish","type":"product","link":"https:\/\/casadaescavadeira.com.br\/pt\/produto\/valvula-de-alivio-principal-do-comando-3\/","title":{"rendered":"V\u00c1LVULA DE AL\u00cdVIO PRINCIPAL DO COMANDO"},"content":{"rendered":"<p>V\u00e1lvulas de al\u00edvio fabricadas em a\u00e7o carbono, s\u00e3o aplicadas em comandos hidr\u00e1ulicos de escavadeiras de diversos modelos. Tem a fun\u00e7\u00e3o de limitar a press\u00e3o de trabalho de acordo com a regulagem especificada at\u00e9 em 350 Bar.<\/p>","protected":false},"excerpt":{"rendered":"<p>V\u00e1lvulas de al\u00edvio fabricadas em a\u00e7o carbono, s\u00e3o aplicadas em comandos hidr\u00e1ulicos de escavadeiras de diversos modelos. Tem a fun\u00e7\u00e3o de limitar a press\u00e3o de trabalho de acordo com a regulagem especificada at\u00e9 em 350 Bar.<\/p>","protected":false},"featured_media":17287,"comment_status":"closed","ping_status":"closed","template":"","meta":{"_acf_changed":false,"om_disable_all_campaigns":false,"_monsterinsights_skip_tracking":false,"_monsterinsights_sitenote_active":false,"_monsterinsights_sitenote_note":"","_monsterinsights_sitenote_category":0,"_uf_show_specific_survey":0,"_uf_disable_surveys":false},"product_brand":[],"product_cat":[1543,406],"product_tag":[1775],"class_list":{"0":"post-17286","1":"product","2":"type-product","3":"status-publish","4":"has-post-thumbnail","6":"product_cat-valvulas-de-alivio","7":"product_cat-valvulas-eletricas-e-sensores","8":"product_tag-723-40-71900","9":"pa_marca-komatsu","11":"first","12":"instock","13":"shipping-taxable","14":"product-type-simple"},"acf":[],"aioseo_notices":[],"_links":{"self":[{"href":"https:\/\/casadaescavadeira.com.br\/pt\/wp-json\/wp\/v2\/product\/17286","targetHints":{"allow":["GET"]}}],"collection":[{"href":"https:\/\/casadaescavadeira.com.br\/pt\/wp-json\/wp\/v2\/product"}],"about":[{"href":"https:\/\/casadaescavadeira.com.br\/pt\/wp-json\/wp\/v2\/types\/product"}],"replies":[{"embeddable":true,"href":"https:\/\/casadaescavadeira.com.br\/pt\/wp-json\/wp\/v2\/comments?post=17286"}],"wp:featuredmedia":[{"embeddable":true,"href":"https:\/\/casadaescavadeira.com.br\/pt\/wp-json\/wp\/v2\/media\/17287"}],"wp:attachment":[{"href":"https:\/\/casadaescavadeira.com.br\/pt\/wp-json\/wp\/v2\/media?parent=17286"}],"wp:term":[{"taxonomy":"product_brand","embeddable":true,"href":"https:\/\/casadaescavadeira.com.br\/pt\/wp-json\/wp\/v2\/product_brand?post=17286"},{"taxonomy":"product_cat","embeddable":true,"href":"https:\/\/casadaescavadeira.com.br\/pt\/wp-json\/wp\/v2\/product_cat?post=17286"},{"taxonomy":"product_tag","embeddable":true,"href":"https:\/\/casadaescavadeira.com.br\/pt\/wp-json\/wp\/v2\/product_tag?post=17286"}],"curies":[{"name":"wp","href":"https:\/\/api.w.org\/{rel}","templated":true}]}}