{"id":16964,"date":"2023-10-19T11:54:46","date_gmt":"2023-10-19T14:54:46","guid":{"rendered":"https:\/\/casadaescavadeira.com.br\/?post_type=product&#038;p=16964"},"modified":"2024-11-19T10:57:38","modified_gmt":"2024-11-19T13:57:38","slug":"motoredutor-de-giro-fsm48a","status":"publish","type":"product","link":"https:\/\/casadaescavadeira.com.br\/pt\/produto\/motoredutor-de-giro-fsm48a\/","title":{"rendered":"MOTOREDUTOR DE GIRO FSM48A"},"content":{"rendered":"<p>FSM48A \u00e9 um motor hidr\u00e1ulico de pist\u00e3o axial de placa inclin\u00e1vel com deslocamento volum\u00e9trico de 129,4 cm\u00b3\/revolu\u00e7\u00e3o, press\u00e3o m\u00e1xima 28.5 Mpa, conjugado a um redutor planet\u00e1rio com rela\u00e7\u00e3o de transmiss\u00e3o de 19.6x, torque m\u00e1ximo 11200 N.m para sistemas de giro de m\u00e1quinas autopropulsadas.<\/p>","protected":false},"excerpt":{"rendered":"<p>FSM48A \u00e9 um motor hidr\u00e1ulico de pist\u00e3o axial de placa inclin\u00e1vel com deslocamento volum\u00e9trico de 129,4 cm\u00b3\/revolu\u00e7\u00e3o, press\u00e3o m\u00e1xima 28.5 Mpa, conjugado a um redutor planet\u00e1rio com rela\u00e7\u00e3o de transmiss\u00e3o de 19.6x, torque m\u00e1ximo 11200 N.m para sistemas de giro de m\u00e1quinas autopropulsadas.<\/p>","protected":false},"featured_media":16965,"comment_status":"closed","ping_status":"closed","template":"","meta":{"_acf_changed":false,"om_disable_all_campaigns":false,"_monsterinsights_skip_tracking":false,"_monsterinsights_sitenote_active":false,"_monsterinsights_sitenote_note":"","_monsterinsights_sitenote_category":0,"_uf_show_specific_survey":0,"_uf_disable_surveys":false},"product_brand":[],"product_cat":[1205,605],"product_tag":[],"class_list":{"0":"post-16964","1":"product","2":"type-product","3":"status-publish","4":"has-post-thumbnail","6":"product_cat-jmf-series-hyundai-motoredutor-de-giro","7":"product_cat-motoredutor-de-giro","8":"pa_marca-xcmg","10":"first","11":"instock","12":"shipping-taxable","13":"product-type-simple"},"acf":[],"aioseo_notices":[],"_links":{"self":[{"href":"https:\/\/casadaescavadeira.com.br\/pt\/wp-json\/wp\/v2\/product\/16964","targetHints":{"allow":["GET"]}}],"collection":[{"href":"https:\/\/casadaescavadeira.com.br\/pt\/wp-json\/wp\/v2\/product"}],"about":[{"href":"https:\/\/casadaescavadeira.com.br\/pt\/wp-json\/wp\/v2\/types\/product"}],"replies":[{"embeddable":true,"href":"https:\/\/casadaescavadeira.com.br\/pt\/wp-json\/wp\/v2\/comments?post=16964"}],"wp:featuredmedia":[{"embeddable":true,"href":"https:\/\/casadaescavadeira.com.br\/pt\/wp-json\/wp\/v2\/media\/16965"}],"wp:attachment":[{"href":"https:\/\/casadaescavadeira.com.br\/pt\/wp-json\/wp\/v2\/media?parent=16964"}],"wp:term":[{"taxonomy":"product_brand","embeddable":true,"href":"https:\/\/casadaescavadeira.com.br\/pt\/wp-json\/wp\/v2\/product_brand?post=16964"},{"taxonomy":"product_cat","embeddable":true,"href":"https:\/\/casadaescavadeira.com.br\/pt\/wp-json\/wp\/v2\/product_cat?post=16964"},{"taxonomy":"product_tag","embeddable":true,"href":"https:\/\/casadaescavadeira.com.br\/pt\/wp-json\/wp\/v2\/product_tag?post=16964"}],"curies":[{"name":"wp","href":"https:\/\/api.w.org\/{rel}","templated":true}]}}