{"id":16901,"date":"2023-08-31T12:42:11","date_gmt":"2023-08-31T15:42:11","guid":{"rendered":"https:\/\/casadaescavadeira.com.br\/?post_type=product&#038;p=16901"},"modified":"2024-11-26T09:43:34","modified_gmt":"2024-11-26T12:43:34","slug":"kit-de-d-ring-caterpillar-4c-4784-borracha-nitrilica-nbr-2","status":"publish","type":"product","link":"https:\/\/casadaescavadeira.com.br\/pt\/produto\/kit-de-d-ring-caterpillar-4c-4784-borracha-nitrilica-nbr-2\/","title":{"rendered":"KIT DE D-RING CATERPILLAR 4C 4784 (BORRACHA NITRILICA\/NBR)"},"content":{"rendered":"<p>Kit composto por an\u00e9is o-rings de borracha nitr\u00edlica de diversos tamanhos. s\u00e3o condicionados em pequenas embalagens pl\u00e1sticas e aplicados em equipamentos da marca Caterpillar em geral.<\/p>","protected":false},"excerpt":{"rendered":"<p>Kit composto por an\u00e9is o-rings de borracha nitr\u00edlica de diversos tamanhos. s\u00e3o condicionados em pequenas embalagens pl\u00e1sticas e aplicados em equipamentos da marca Caterpillar em geral.<\/p>","protected":false},"featured_media":16897,"comment_status":"closed","ping_status":"closed","template":"","meta":{"_acf_changed":false,"om_disable_all_campaigns":false,"_monsterinsights_skip_tracking":false,"_monsterinsights_sitenote_active":false,"_monsterinsights_sitenote_note":"","_monsterinsights_sitenote_category":0,"_uf_show_specific_survey":0,"_uf_disable_surveys":false},"product_brand":[],"product_cat":[1334,82],"product_tag":[1283],"class_list":{"0":"post-16901","1":"product","2":"type-product","3":"status-publish","4":"has-post-thumbnail","6":"product_cat-maleta-de-o-ring","7":"product_cat-vedacoes","8":"product_tag-4c-4784","9":"pa_marca-caterpillar","11":"first","12":"instock","13":"shipping-taxable","14":"product-type-simple"},"acf":[],"aioseo_notices":[],"_links":{"self":[{"href":"https:\/\/casadaescavadeira.com.br\/pt\/wp-json\/wp\/v2\/product\/16901","targetHints":{"allow":["GET"]}}],"collection":[{"href":"https:\/\/casadaescavadeira.com.br\/pt\/wp-json\/wp\/v2\/product"}],"about":[{"href":"https:\/\/casadaescavadeira.com.br\/pt\/wp-json\/wp\/v2\/types\/product"}],"replies":[{"embeddable":true,"href":"https:\/\/casadaescavadeira.com.br\/pt\/wp-json\/wp\/v2\/comments?post=16901"}],"wp:featuredmedia":[{"embeddable":true,"href":"https:\/\/casadaescavadeira.com.br\/pt\/wp-json\/wp\/v2\/media\/16897"}],"wp:attachment":[{"href":"https:\/\/casadaescavadeira.com.br\/pt\/wp-json\/wp\/v2\/media?parent=16901"}],"wp:term":[{"taxonomy":"product_brand","embeddable":true,"href":"https:\/\/casadaescavadeira.com.br\/pt\/wp-json\/wp\/v2\/product_brand?post=16901"},{"taxonomy":"product_cat","embeddable":true,"href":"https:\/\/casadaescavadeira.com.br\/pt\/wp-json\/wp\/v2\/product_cat?post=16901"},{"taxonomy":"product_tag","embeddable":true,"href":"https:\/\/casadaescavadeira.com.br\/pt\/wp-json\/wp\/v2\/product_tag?post=16901"}],"curies":[{"name":"wp","href":"https:\/\/api.w.org\/{rel}","templated":true}]}}