{"id":16823,"date":"2023-08-28T11:22:10","date_gmt":"2023-08-28T14:22:10","guid":{"rendered":"https:\/\/casadaescavadeira.com.br\/?post_type=product&#038;p=16823"},"modified":"2024-11-26T10:01:26","modified_gmt":"2024-11-26T13:01:26","slug":"kit-de-o-ring-nbr-90-shore-doosan-hyundai-volvo-borracha-nitrilica-nbr","status":"publish","type":"product","link":"https:\/\/casadaescavadeira.com.br\/pt\/produto\/kit-de-o-ring-nbr-90-shore-doosan-hyundai-volvo-borracha-nitrilica-nbr\/","title":{"rendered":"KIT DE O-RING NBR 90 SHORE DOOSAN\/HYUNDAI\/VOLVO (BORRACHA NITRILICA\/NBR)"},"content":{"rendered":"<p>Kit composto por an\u00e9is o-rings de borracha nitr\u00edlica de diversos tamanhos. S\u00e3o condicionados em pequenas embalagens pl\u00e1sticas e aplicados em equipamentos da marca Doosan\/Hyndai\/Volvo em geral.<\/p>\n<p>&nbsp;<\/p>","protected":false},"excerpt":{"rendered":"<p>Kit composto por an\u00e9is o-rings de borracha nitr\u00edlica de diversos tamanhos. S\u00e3o condicionados em pequenas embalagens pl\u00e1sticas e aplicados em equipamentos da marca Doosan\/Hyndai\/Volvo em geral.<\/p>","protected":false},"featured_media":16815,"comment_status":"closed","ping_status":"closed","template":"","meta":{"_acf_changed":false,"om_disable_all_campaigns":false,"_monsterinsights_skip_tracking":false,"_monsterinsights_sitenote_active":false,"_monsterinsights_sitenote_note":"","_monsterinsights_sitenote_category":0,"_uf_show_specific_survey":0,"_uf_disable_surveys":false},"product_brand":[],"product_cat":[1334,82],"product_tag":[],"class_list":{"0":"post-16823","1":"product","2":"type-product","3":"status-publish","4":"has-post-thumbnail","6":"product_cat-maleta-de-o-ring","7":"product_cat-vedacoes","8":"pa_marca-doosan","9":"pa_marca-hyundai","10":"pa_marca-volvo","12":"first","13":"instock","14":"shipping-taxable","15":"product-type-simple"},"acf":[],"aioseo_notices":[],"_links":{"self":[{"href":"https:\/\/casadaescavadeira.com.br\/pt\/wp-json\/wp\/v2\/product\/16823","targetHints":{"allow":["GET"]}}],"collection":[{"href":"https:\/\/casadaescavadeira.com.br\/pt\/wp-json\/wp\/v2\/product"}],"about":[{"href":"https:\/\/casadaescavadeira.com.br\/pt\/wp-json\/wp\/v2\/types\/product"}],"replies":[{"embeddable":true,"href":"https:\/\/casadaescavadeira.com.br\/pt\/wp-json\/wp\/v2\/comments?post=16823"}],"wp:featuredmedia":[{"embeddable":true,"href":"https:\/\/casadaescavadeira.com.br\/pt\/wp-json\/wp\/v2\/media\/16815"}],"wp:attachment":[{"href":"https:\/\/casadaescavadeira.com.br\/pt\/wp-json\/wp\/v2\/media?parent=16823"}],"wp:term":[{"taxonomy":"product_brand","embeddable":true,"href":"https:\/\/casadaescavadeira.com.br\/pt\/wp-json\/wp\/v2\/product_brand?post=16823"},{"taxonomy":"product_cat","embeddable":true,"href":"https:\/\/casadaescavadeira.com.br\/pt\/wp-json\/wp\/v2\/product_cat?post=16823"},{"taxonomy":"product_tag","embeddable":true,"href":"https:\/\/casadaescavadeira.com.br\/pt\/wp-json\/wp\/v2\/product_tag?post=16823"}],"curies":[{"name":"wp","href":"https:\/\/api.w.org\/{rel}","templated":true}]}}