{"id":16807,"date":"2023-08-25T12:18:54","date_gmt":"2023-08-25T15:18:54","guid":{"rendered":"https:\/\/casadaescavadeira.com.br\/?post_type=product&#038;p=16807"},"modified":"2024-11-26T10:09:55","modified_gmt":"2024-11-26T13:09:55","slug":"kit-de-o-ring-viton-85-shore-kobelco-viton-fkm","status":"publish","type":"product","link":"https:\/\/casadaescavadeira.com.br\/pt\/produto\/kit-de-o-ring-viton-85-shore-kobelco-viton-fkm\/","title":{"rendered":"KIT DE O-RING VITON 85 SHORE KOBELCO (VITON\/FKM)"},"content":{"rendered":"<p>Kit composto por an\u00e9is o-rings de borracha fluorada de diversos tamanhos. S\u00e3o condicionados em pequenas embalagens pl\u00e1sticas e aplicados em equipamentos da linha verde e linha amarela em geral.<\/p>\n<p>&nbsp;<\/p>","protected":false},"excerpt":{"rendered":"<p>Kit composto por an\u00e9is o-rings de borracha fluorada de diversos tamanhos. S\u00e3o condicionados em pequenas embalagens pl\u00e1sticas e aplicados em equipamentos da linha verde e linha amarela em geral.<\/p>","protected":false},"featured_media":16808,"comment_status":"closed","ping_status":"closed","template":"","meta":{"_acf_changed":false,"om_disable_all_campaigns":false,"_monsterinsights_skip_tracking":false,"_monsterinsights_sitenote_active":false,"_monsterinsights_sitenote_note":"","_monsterinsights_sitenote_category":0,"_uf_show_specific_survey":0,"_uf_disable_surveys":false},"product_brand":[],"product_cat":[1334,82],"product_tag":[],"class_list":{"0":"post-16807","1":"product","2":"type-product","3":"status-publish","4":"has-post-thumbnail","6":"product_cat-maleta-de-o-ring","7":"product_cat-vedacoes","8":"pa_marca-kobelco","10":"first","11":"instock","12":"shipping-taxable","13":"product-type-simple"},"acf":[],"aioseo_notices":[],"_links":{"self":[{"href":"https:\/\/casadaescavadeira.com.br\/pt\/wp-json\/wp\/v2\/product\/16807","targetHints":{"allow":["GET"]}}],"collection":[{"href":"https:\/\/casadaescavadeira.com.br\/pt\/wp-json\/wp\/v2\/product"}],"about":[{"href":"https:\/\/casadaescavadeira.com.br\/pt\/wp-json\/wp\/v2\/types\/product"}],"replies":[{"embeddable":true,"href":"https:\/\/casadaescavadeira.com.br\/pt\/wp-json\/wp\/v2\/comments?post=16807"}],"wp:featuredmedia":[{"embeddable":true,"href":"https:\/\/casadaescavadeira.com.br\/pt\/wp-json\/wp\/v2\/media\/16808"}],"wp:attachment":[{"href":"https:\/\/casadaescavadeira.com.br\/pt\/wp-json\/wp\/v2\/media?parent=16807"}],"wp:term":[{"taxonomy":"product_brand","embeddable":true,"href":"https:\/\/casadaescavadeira.com.br\/pt\/wp-json\/wp\/v2\/product_brand?post=16807"},{"taxonomy":"product_cat","embeddable":true,"href":"https:\/\/casadaescavadeira.com.br\/pt\/wp-json\/wp\/v2\/product_cat?post=16807"},{"taxonomy":"product_tag","embeddable":true,"href":"https:\/\/casadaescavadeira.com.br\/pt\/wp-json\/wp\/v2\/product_tag?post=16807"}],"curies":[{"name":"wp","href":"https:\/\/api.w.org\/{rel}","templated":true}]}}