{"id":16805,"date":"2023-08-25T12:08:27","date_gmt":"2023-08-25T15:08:27","guid":{"rendered":"https:\/\/casadaescavadeira.com.br\/?post_type=product&#038;p=16805"},"modified":"2023-08-25T12:23:13","modified_gmt":"2023-08-25T15:23:13","slug":"kit-de-o-ring-silicone-multimarcas-borracha-silicone","status":"publish","type":"product","link":"https:\/\/casadaescavadeira.com.br\/pt\/produto\/kit-de-o-ring-silicone-multimarcas-borracha-silicone\/","title":{"rendered":"KIT DE O-RING SILICONE MULTIMARCAS (BORRACHA SILICONE)"},"content":{"rendered":"<p>Kit composto por an\u00e9is o-rings de borracha silicone, de diversos tamanhos. s\u00e3o condicionados em pequenas embalagens pl\u00e1sticas e aplicados em equipamentos da linha verde e linha amarela em geral.<\/p>\n<p>&nbsp;<\/p>","protected":false},"excerpt":{"rendered":"<p>Kit composto por an\u00e9is o-rings de borracha silicone, de diversos tamanhos. s\u00e3o condicionados em pequenas embalagens pl\u00e1sticas e aplicados em equipamentos da linha verde e linha amarela em geral.<\/p>","protected":false},"featured_media":16806,"comment_status":"closed","ping_status":"closed","template":"","meta":{"_acf_changed":false,"om_disable_all_campaigns":false,"_monsterinsights_skip_tracking":false,"_monsterinsights_sitenote_active":false,"_monsterinsights_sitenote_note":"","_monsterinsights_sitenote_category":0,"_uf_show_specific_survey":0,"_uf_disable_surveys":false},"product_brand":[],"product_cat":[1334,82],"product_tag":[],"class_list":{"0":"post-16805","1":"product","2":"type-product","3":"status-publish","4":"has-post-thumbnail","6":"product_cat-maleta-de-o-ring","7":"product_cat-vedacoes","9":"first","10":"instock","11":"shipping-taxable","12":"product-type-simple"},"acf":[],"aioseo_notices":[],"_links":{"self":[{"href":"https:\/\/casadaescavadeira.com.br\/pt\/wp-json\/wp\/v2\/product\/16805","targetHints":{"allow":["GET"]}}],"collection":[{"href":"https:\/\/casadaescavadeira.com.br\/pt\/wp-json\/wp\/v2\/product"}],"about":[{"href":"https:\/\/casadaescavadeira.com.br\/pt\/wp-json\/wp\/v2\/types\/product"}],"replies":[{"embeddable":true,"href":"https:\/\/casadaescavadeira.com.br\/pt\/wp-json\/wp\/v2\/comments?post=16805"}],"wp:featuredmedia":[{"embeddable":true,"href":"https:\/\/casadaescavadeira.com.br\/pt\/wp-json\/wp\/v2\/media\/16806"}],"wp:attachment":[{"href":"https:\/\/casadaescavadeira.com.br\/pt\/wp-json\/wp\/v2\/media?parent=16805"}],"wp:term":[{"taxonomy":"product_brand","embeddable":true,"href":"https:\/\/casadaescavadeira.com.br\/pt\/wp-json\/wp\/v2\/product_brand?post=16805"},{"taxonomy":"product_cat","embeddable":true,"href":"https:\/\/casadaescavadeira.com.br\/pt\/wp-json\/wp\/v2\/product_cat?post=16805"},{"taxonomy":"product_tag","embeddable":true,"href":"https:\/\/casadaescavadeira.com.br\/pt\/wp-json\/wp\/v2\/product_tag?post=16805"}],"curies":[{"name":"wp","href":"https:\/\/api.w.org\/{rel}","templated":true}]}}