{"id":16557,"date":"2023-08-10T15:25:06","date_gmt":"2023-08-10T18:25:06","guid":{"rendered":"https:\/\/casadaescavadeira.com.br\/?post_type=product&#038;p=16557"},"modified":"2024-11-25T10:43:01","modified_gmt":"2024-11-25T13:43:01","slug":"acoplamento-130h-plastico","status":"publish","type":"product","link":"https:\/\/casadaescavadeira.com.br\/pt\/produto\/acoplamento-130h-plastico\/","title":{"rendered":"ACOPLAMENTO 130H PL\u00c1STICO"},"content":{"rendered":"<p>\u00c9 uma pe\u00e7a composta de poliuretano condicionado em caixas simples de papel\u00e3o aplicado em escavadeiras hidr\u00e1ulicas da marca Caterpillar diversos modelos<\/p>\n<p>&nbsp;<\/p>","protected":false},"excerpt":{"rendered":"<p>\u00c9 uma pe\u00e7a composta de poliuretano condicionado em caixas simples de papel\u00e3o aplicado em escavadeiras hidr\u00e1ulicas da marca Caterpillar diversos modelos<\/p>","protected":false},"featured_media":16558,"comment_status":"closed","ping_status":"closed","template":"","meta":{"_acf_changed":false,"om_disable_all_campaigns":false,"_monsterinsights_skip_tracking":false,"_monsterinsights_sitenote_active":false,"_monsterinsights_sitenote_note":"","_monsterinsights_sitenote_category":0,"_uf_show_specific_survey":0,"_uf_disable_surveys":false},"product_brand":[],"product_cat":[298],"product_tag":[1303,1304],"class_list":{"0":"post-16557","1":"product","2":"type-product","3":"status-publish","4":"has-post-thumbnail","6":"product_cat-acoplamento-flexivel","7":"product_tag-339-6955","8":"product_tag-1304","9":"pa_marca-caterpillar","11":"first","12":"instock","13":"shipping-taxable","14":"product-type-simple"},"acf":[],"aioseo_notices":[],"_links":{"self":[{"href":"https:\/\/casadaescavadeira.com.br\/pt\/wp-json\/wp\/v2\/product\/16557","targetHints":{"allow":["GET"]}}],"collection":[{"href":"https:\/\/casadaescavadeira.com.br\/pt\/wp-json\/wp\/v2\/product"}],"about":[{"href":"https:\/\/casadaescavadeira.com.br\/pt\/wp-json\/wp\/v2\/types\/product"}],"replies":[{"embeddable":true,"href":"https:\/\/casadaescavadeira.com.br\/pt\/wp-json\/wp\/v2\/comments?post=16557"}],"wp:featuredmedia":[{"embeddable":true,"href":"https:\/\/casadaescavadeira.com.br\/pt\/wp-json\/wp\/v2\/media\/16558"}],"wp:attachment":[{"href":"https:\/\/casadaescavadeira.com.br\/pt\/wp-json\/wp\/v2\/media?parent=16557"}],"wp:term":[{"taxonomy":"product_brand","embeddable":true,"href":"https:\/\/casadaescavadeira.com.br\/pt\/wp-json\/wp\/v2\/product_brand?post=16557"},{"taxonomy":"product_cat","embeddable":true,"href":"https:\/\/casadaescavadeira.com.br\/pt\/wp-json\/wp\/v2\/product_cat?post=16557"},{"taxonomy":"product_tag","embeddable":true,"href":"https:\/\/casadaescavadeira.com.br\/pt\/wp-json\/wp\/v2\/product_tag?post=16557"}],"curies":[{"name":"wp","href":"https:\/\/api.w.org\/{rel}","templated":true}]}}