{"id":15386,"date":"2023-05-11T16:38:50","date_gmt":"2023-05-11T19:38:50","guid":{"rendered":"https:\/\/casadaescavadeira.com.br\/?post_type=product&#038;p=15386"},"modified":"2024-11-22T10:34:35","modified_gmt":"2024-11-22T13:34:35","slug":"sensor-eletrico-de-baixa-pressao","status":"publish","type":"product","link":"https:\/\/casadaescavadeira.com.br\/pt\/produto\/sensor-eletrico-de-baixa-pressao\/","title":{"rendered":"SENSOR EL\u00c9TRICO DE BAIXA PRESS\u00c3O"},"content":{"rendered":"<p>Sensores el\u00e9tricos de baixa press\u00e3o tipo 7861-931811 s\u00e3o partes de a\u00e7o carbono conjugadas a um conector pl\u00e1stico utilizados em escavadeiras hidr\u00e1ulicas para medi\u00e7\u00e3o da press\u00e3o hidr\u00e1ulica em circuitos fechados. Aplicado nos modelos PC200-8 dentre outros.<\/p>\n<p>&nbsp;<\/p>","protected":false},"excerpt":{"rendered":"<p>Sensores el\u00e9tricos de baixa press\u00e3o tipo 7861-931811 s\u00e3o partes de a\u00e7o carbono conjugadas a um conector pl\u00e1stico utilizados em escavadeiras hidr\u00e1ulicas para medi\u00e7\u00e3o da press\u00e3o hidr\u00e1ulica em circuitos fechados. Aplicado nos modelos PC200-8 dentre outros.<\/p>","protected":false},"featured_media":15387,"comment_status":"closed","ping_status":"closed","template":"","meta":{"_acf_changed":false,"om_disable_all_campaigns":false,"_monsterinsights_skip_tracking":false,"_monsterinsights_sitenote_active":false,"_monsterinsights_sitenote_note":"","_monsterinsights_sitenote_category":0,"_uf_show_specific_survey":0,"_uf_disable_surveys":false},"product_brand":[],"product_cat":[648,406],"product_tag":[1034],"class_list":{"0":"post-15386","1":"product","2":"type-product","3":"status-publish","4":"has-post-thumbnail","6":"product_cat-sensores","7":"product_cat-valvulas-eletricas-e-sensores","8":"product_tag-7861-931811","9":"pa_marca-komatsu","11":"first","12":"instock","13":"shipping-taxable","14":"product-type-simple"},"acf":[],"aioseo_notices":[],"_links":{"self":[{"href":"https:\/\/casadaescavadeira.com.br\/pt\/wp-json\/wp\/v2\/product\/15386","targetHints":{"allow":["GET"]}}],"collection":[{"href":"https:\/\/casadaescavadeira.com.br\/pt\/wp-json\/wp\/v2\/product"}],"about":[{"href":"https:\/\/casadaescavadeira.com.br\/pt\/wp-json\/wp\/v2\/types\/product"}],"replies":[{"embeddable":true,"href":"https:\/\/casadaescavadeira.com.br\/pt\/wp-json\/wp\/v2\/comments?post=15386"}],"wp:featuredmedia":[{"embeddable":true,"href":"https:\/\/casadaescavadeira.com.br\/pt\/wp-json\/wp\/v2\/media\/15387"}],"wp:attachment":[{"href":"https:\/\/casadaescavadeira.com.br\/pt\/wp-json\/wp\/v2\/media?parent=15386"}],"wp:term":[{"taxonomy":"product_brand","embeddable":true,"href":"https:\/\/casadaescavadeira.com.br\/pt\/wp-json\/wp\/v2\/product_brand?post=15386"},{"taxonomy":"product_cat","embeddable":true,"href":"https:\/\/casadaescavadeira.com.br\/pt\/wp-json\/wp\/v2\/product_cat?post=15386"},{"taxonomy":"product_tag","embeddable":true,"href":"https:\/\/casadaescavadeira.com.br\/pt\/wp-json\/wp\/v2\/product_tag?post=15386"}],"curies":[{"name":"wp","href":"https:\/\/api.w.org\/{rel}","templated":true}]}}