{"id":15384,"date":"2023-05-11T16:31:14","date_gmt":"2023-05-11T19:31:14","guid":{"rendered":"https:\/\/casadaescavadeira.com.br\/?post_type=product&#038;p=15384"},"modified":"2024-11-22T10:37:14","modified_gmt":"2024-11-22T13:37:14","slug":"sensor-eletrico-de-alta-pressao","status":"publish","type":"product","link":"https:\/\/casadaescavadeira.com.br\/pt\/produto\/sensor-eletrico-de-alta-pressao\/","title":{"rendered":"SENSOR EL\u00c9TRICO DE ALTA PRESS\u00c3O"},"content":{"rendered":"<p>Sensor el\u00e9trico de alta press\u00e3o tipo 7861-931812 s\u00e3o partes de a\u00e7o carbono conjugadas a um conector pl\u00e1stico utilizados em escavadeiras hidr\u00e1ulicas KOMATSU para medi\u00e7\u00e3o da press\u00e3o hidr\u00e1ulica em circuitos fechados. Aplicado nos modelos PC200-8 dentre outros.<\/p>\n<p>&nbsp;<\/p>","protected":false},"excerpt":{"rendered":"<p>Sensor el\u00e9trico de alta press\u00e3o tipo 7861-931812 s\u00e3o partes de a\u00e7o carbono conjugadas a um conector pl\u00e1stico utilizados em escavadeiras hidr\u00e1ulicas KOMATSU para medi\u00e7\u00e3o da press\u00e3o hidr\u00e1ulica em circuitos fechados. Aplicado nos modelos PC200-8 dentre outros.<\/p>","protected":false},"featured_media":15385,"comment_status":"closed","ping_status":"closed","template":"","meta":{"_acf_changed":false,"om_disable_all_campaigns":false,"_monsterinsights_skip_tracking":false,"_monsterinsights_sitenote_active":false,"_monsterinsights_sitenote_note":"","_monsterinsights_sitenote_category":0,"_uf_show_specific_survey":0,"_uf_disable_surveys":false},"product_brand":[],"product_cat":[648,406],"product_tag":[1033],"class_list":{"0":"post-15384","1":"product","2":"type-product","3":"status-publish","4":"has-post-thumbnail","6":"product_cat-sensores","7":"product_cat-valvulas-eletricas-e-sensores","8":"product_tag-7861-931812","9":"pa_marca-komatsu","11":"first","12":"instock","13":"shipping-taxable","14":"product-type-simple"},"acf":[],"aioseo_notices":[],"_links":{"self":[{"href":"https:\/\/casadaescavadeira.com.br\/pt\/wp-json\/wp\/v2\/product\/15384","targetHints":{"allow":["GET"]}}],"collection":[{"href":"https:\/\/casadaescavadeira.com.br\/pt\/wp-json\/wp\/v2\/product"}],"about":[{"href":"https:\/\/casadaescavadeira.com.br\/pt\/wp-json\/wp\/v2\/types\/product"}],"replies":[{"embeddable":true,"href":"https:\/\/casadaescavadeira.com.br\/pt\/wp-json\/wp\/v2\/comments?post=15384"}],"wp:featuredmedia":[{"embeddable":true,"href":"https:\/\/casadaescavadeira.com.br\/pt\/wp-json\/wp\/v2\/media\/15385"}],"wp:attachment":[{"href":"https:\/\/casadaescavadeira.com.br\/pt\/wp-json\/wp\/v2\/media?parent=15384"}],"wp:term":[{"taxonomy":"product_brand","embeddable":true,"href":"https:\/\/casadaescavadeira.com.br\/pt\/wp-json\/wp\/v2\/product_brand?post=15384"},{"taxonomy":"product_cat","embeddable":true,"href":"https:\/\/casadaescavadeira.com.br\/pt\/wp-json\/wp\/v2\/product_cat?post=15384"},{"taxonomy":"product_tag","embeddable":true,"href":"https:\/\/casadaescavadeira.com.br\/pt\/wp-json\/wp\/v2\/product_tag?post=15384"}],"curies":[{"name":"wp","href":"https:\/\/api.w.org\/{rel}","templated":true}]}}