{"id":15308,"date":"2023-04-11T16:08:17","date_gmt":"2023-04-11T19:08:17","guid":{"rendered":"https:\/\/casadaescavadeira.com.br\/?post_type=product&#038;p=15308"},"modified":"2024-11-18T09:31:23","modified_gmt":"2024-11-18T12:31:23","slug":"bomba-hidraulica-f3v180dtp-9cog-com-pto","status":"publish","type":"product","link":"https:\/\/casadaescavadeira.com.br\/pt\/produto\/bomba-hidraulica-f3v180dtp-9cog-com-pto\/","title":{"rendered":"BOMBA HIDR\u00c1ULICA F3V180DTP-9COG-PTO"},"content":{"rendered":"<p>F3V180DTP-9COG s\u00e3o bombas hidr\u00e1ulicas volum\u00e9tricas rotativas de pist\u00f5es axiais e fluxo vari\u00e1vel, para acionamento hidrost\u00e1tico em circuitos fechados, de dupla a\u00e7\u00e3o com 360cm\u00b3\/rev, m\u00e1ximo de 1950 rpm, com vaz\u00e3o aproximada de 702l\/min,\u00a0 press\u00e3o de trabalho 34.3mpa ou 343bar e press\u00e3o m\u00e1xima de 39.2 mpa ou 392bar. Aplicadas em escavadeiras da marca Hyundai R380-7 e similares.<\/p>","protected":false},"excerpt":{"rendered":"<p>F3V180DTP-9COG s\u00e3o bombas hidr\u00e1ulicas volum\u00e9tricas rotativas de pist\u00f5es axiais e fluxo vari\u00e1vel, para acionamento hidrost\u00e1tico em circuitos fechados, de dupla a\u00e7\u00e3o com 360cm\u00b3\/rev, m\u00e1ximo de 1950 rpm, com vaz\u00e3o aproximada de 702l\/min,\u00a0 press\u00e3o de trabalho 34.3mpa ou 343bar e press\u00e3o m\u00e1xima de 39.2 mpa ou 392bar. Aplicadas em escavadeiras da marca Hyundai R380-7 e similares.<\/p>","protected":false},"featured_media":15309,"comment_status":"closed","ping_status":"closed","template":"","meta":{"_acf_changed":false,"om_disable_all_campaigns":false,"_monsterinsights_skip_tracking":false,"_monsterinsights_sitenote_active":false,"_monsterinsights_sitenote_note":"","_monsterinsights_sitenote_category":0,"_uf_show_specific_survey":0,"_uf_disable_surveys":false},"product_brand":[],"product_cat":[19,1052],"product_tag":[],"class_list":{"0":"post-15308","1":"product","2":"type-product","3":"status-publish","4":"has-post-thumbnail","6":"product_cat-bombas-hidraulicas","7":"product_cat-k3v-series-kawasaki-bombas-hidraulicas","8":"pa_marca-hyundai","10":"first","11":"instock","12":"shipping-taxable","13":"product-type-simple"},"acf":[],"aioseo_notices":[],"_links":{"self":[{"href":"https:\/\/casadaescavadeira.com.br\/pt\/wp-json\/wp\/v2\/product\/15308","targetHints":{"allow":["GET"]}}],"collection":[{"href":"https:\/\/casadaescavadeira.com.br\/pt\/wp-json\/wp\/v2\/product"}],"about":[{"href":"https:\/\/casadaescavadeira.com.br\/pt\/wp-json\/wp\/v2\/types\/product"}],"replies":[{"embeddable":true,"href":"https:\/\/casadaescavadeira.com.br\/pt\/wp-json\/wp\/v2\/comments?post=15308"}],"wp:featuredmedia":[{"embeddable":true,"href":"https:\/\/casadaescavadeira.com.br\/pt\/wp-json\/wp\/v2\/media\/15309"}],"wp:attachment":[{"href":"https:\/\/casadaescavadeira.com.br\/pt\/wp-json\/wp\/v2\/media?parent=15308"}],"wp:term":[{"taxonomy":"product_brand","embeddable":true,"href":"https:\/\/casadaescavadeira.com.br\/pt\/wp-json\/wp\/v2\/product_brand?post=15308"},{"taxonomy":"product_cat","embeddable":true,"href":"https:\/\/casadaescavadeira.com.br\/pt\/wp-json\/wp\/v2\/product_cat?post=15308"},{"taxonomy":"product_tag","embeddable":true,"href":"https:\/\/casadaescavadeira.com.br\/pt\/wp-json\/wp\/v2\/product_tag?post=15308"}],"curies":[{"name":"wp","href":"https:\/\/api.w.org\/{rel}","templated":true}]}}