{"id":15141,"date":"2023-02-08T12:20:24","date_gmt":"2023-02-08T15:20:24","guid":{"rendered":"https:\/\/casadaescavadeira.com.br\/?post_type=product&#038;p=15141"},"modified":"2023-11-27T11:25:06","modified_gmt":"2023-11-27T14:25:06","slug":"motoredutor-de-tracao-ftm06a","status":"publish","type":"product","link":"https:\/\/casadaescavadeira.com.br\/pt\/produto\/motoredutor-de-tracao-ftm06a\/","title":{"rendered":"MOTOREDUTOR DE TRA\u00c7\u00c3O FTM06A-01"},"content":{"rendered":"<p>FTM06A-01 \u00e9 um motor hidr\u00e1ulico de pist\u00e3o axial de placa inclin\u00e1vel com deslocamento volum\u00e9trico vari\u00e1vel entre 25 e 15cm\u00b3\/revolu\u00e7\u00e3o, press\u00e3o m\u00e1xima 25.5MPa, conjugado a um redutor planet\u00e1rio com rela\u00e7\u00e3o de transmiss\u00e3o de 68.6x, torque m\u00e1ximo de 6820 N.m para sistemas de locomo\u00e7\u00e3o de m\u00e1quinas autopropulsadas.<\/p>","protected":false},"excerpt":{"rendered":"<p>FTM06A-01 \u00e9 um motor hidr\u00e1ulico de pist\u00e3o axial de placa inclin\u00e1vel com deslocamento volum\u00e9trico vari\u00e1vel entre 25 e 15cm\u00b3\/revolu\u00e7\u00e3o, press\u00e3o m\u00e1xima 25.5MPa, conjugado a um redutor planet\u00e1rio com rela\u00e7\u00e3o de transmiss\u00e3o de 68.6x, torque m\u00e1ximo de 6820 N.m para sistemas de locomo\u00e7\u00e3o de m\u00e1quinas autopropulsadas.<\/p>","protected":false},"featured_media":15142,"comment_status":"closed","ping_status":"closed","template":"","meta":{"_acf_changed":false,"om_disable_all_campaigns":false,"_monsterinsights_skip_tracking":false,"_monsterinsights_sitenote_active":false,"_monsterinsights_sitenote_note":"","_monsterinsights_sitenote_category":0,"_uf_show_specific_survey":0,"_uf_disable_surveys":false},"product_brand":[],"product_cat":[192,1199],"product_tag":[],"class_list":{"0":"post-15141","1":"product","2":"type-product","3":"status-publish","4":"has-post-thumbnail","6":"product_cat-motoredutor-de-tracao","7":"product_cat-tm-series-doosan-motoredutor-de-tracao","9":"first","10":"instock","11":"shipping-taxable","12":"product-type-simple"},"acf":[],"aioseo_notices":[],"_links":{"self":[{"href":"https:\/\/casadaescavadeira.com.br\/pt\/wp-json\/wp\/v2\/product\/15141","targetHints":{"allow":["GET"]}}],"collection":[{"href":"https:\/\/casadaescavadeira.com.br\/pt\/wp-json\/wp\/v2\/product"}],"about":[{"href":"https:\/\/casadaescavadeira.com.br\/pt\/wp-json\/wp\/v2\/types\/product"}],"replies":[{"embeddable":true,"href":"https:\/\/casadaescavadeira.com.br\/pt\/wp-json\/wp\/v2\/comments?post=15141"}],"wp:featuredmedia":[{"embeddable":true,"href":"https:\/\/casadaescavadeira.com.br\/pt\/wp-json\/wp\/v2\/media\/15142"}],"wp:attachment":[{"href":"https:\/\/casadaescavadeira.com.br\/pt\/wp-json\/wp\/v2\/media?parent=15141"}],"wp:term":[{"taxonomy":"product_brand","embeddable":true,"href":"https:\/\/casadaescavadeira.com.br\/pt\/wp-json\/wp\/v2\/product_brand?post=15141"},{"taxonomy":"product_cat","embeddable":true,"href":"https:\/\/casadaescavadeira.com.br\/pt\/wp-json\/wp\/v2\/product_cat?post=15141"},{"taxonomy":"product_tag","embeddable":true,"href":"https:\/\/casadaescavadeira.com.br\/pt\/wp-json\/wp\/v2\/product_tag?post=15141"}],"curies":[{"name":"wp","href":"https:\/\/api.w.org\/{rel}","templated":true}]}}