{"id":14943,"date":"2021-08-24T11:01:27","date_gmt":"2021-08-24T14:01:27","guid":{"rendered":"https:\/\/casadaescavadeira.com.br\/?post_type=product&#038;p=14943"},"modified":"2023-05-11T18:10:28","modified_gmt":"2023-05-11T21:10:28","slug":"mola-do-motor-de-giro-jmf151-hyundai-r210","status":"publish","type":"product","link":"https:\/\/casadaescavadeira.com.br\/pt\/produto\/mola-do-motor-de-giro-jmf151-hyundai-r210\/","title":{"rendered":"Mola do Motor de Giro JMF151 &#8211; Hyundai (R210)"},"content":{"rendered":"<p>Molas s\u00e3o pe\u00e7as de a\u00e7o carbono exclusivas para motores de giro modelo JMF151 ou equivalentes<\/p>","protected":false},"excerpt":{"rendered":"<p>Molas s\u00e3o pe\u00e7as de a\u00e7o carbono exclusivas para motores de giro modelo JMF151 ou equivalentes<\/p>","protected":false},"featured_media":14944,"comment_status":"open","ping_status":"closed","template":"","meta":{"_acf_changed":false,"om_disable_all_campaigns":false,"_monsterinsights_skip_tracking":false,"_monsterinsights_sitenote_active":false,"_monsterinsights_sitenote_note":"","_monsterinsights_sitenote_category":0,"_uf_show_specific_survey":0,"_uf_disable_surveys":false},"product_brand":[],"product_cat":[38,387],"product_tag":[917],"class_list":{"0":"post-14943","1":"product","2":"type-product","3":"status-publish","4":"has-post-thumbnail","6":"product_cat-partes-e-pecas","7":"product_cat-motoredutor-de-giro-pecas","8":"product_tag-xkay-00531","9":"pa_marca-hyundai","11":"first","12":"instock","13":"shipping-taxable","14":"product-type-simple"},"acf":[],"aioseo_notices":[],"_links":{"self":[{"href":"https:\/\/casadaescavadeira.com.br\/pt\/wp-json\/wp\/v2\/product\/14943","targetHints":{"allow":["GET"]}}],"collection":[{"href":"https:\/\/casadaescavadeira.com.br\/pt\/wp-json\/wp\/v2\/product"}],"about":[{"href":"https:\/\/casadaescavadeira.com.br\/pt\/wp-json\/wp\/v2\/types\/product"}],"replies":[{"embeddable":true,"href":"https:\/\/casadaescavadeira.com.br\/pt\/wp-json\/wp\/v2\/comments?post=14943"}],"wp:featuredmedia":[{"embeddable":true,"href":"https:\/\/casadaescavadeira.com.br\/pt\/wp-json\/wp\/v2\/media\/14944"}],"wp:attachment":[{"href":"https:\/\/casadaescavadeira.com.br\/pt\/wp-json\/wp\/v2\/media?parent=14943"}],"wp:term":[{"taxonomy":"product_brand","embeddable":true,"href":"https:\/\/casadaescavadeira.com.br\/pt\/wp-json\/wp\/v2\/product_brand?post=14943"},{"taxonomy":"product_cat","embeddable":true,"href":"https:\/\/casadaescavadeira.com.br\/pt\/wp-json\/wp\/v2\/product_cat?post=14943"},{"taxonomy":"product_tag","embeddable":true,"href":"https:\/\/casadaescavadeira.com.br\/pt\/wp-json\/wp\/v2\/product_tag?post=14943"}],"curies":[{"name":"wp","href":"https:\/\/api.w.org\/{rel}","templated":true}]}}