{"id":14939,"date":"2021-08-24T10:54:42","date_gmt":"2021-08-24T13:54:42","guid":{"rendered":"https:\/\/casadaescavadeira.com.br\/?post_type=product&#038;p=14939"},"modified":"2023-11-14T11:04:07","modified_gmt":"2023-11-14T14:04:07","slug":"bola-guia-do-motor-de-giro-jmf151-hyundai-r210","status":"publish","type":"product","link":"https:\/\/casadaescavadeira.com.br\/pt\/produto\/bola-guia-do-motor-de-giro-jmf151-hyundai-r210\/","title":{"rendered":"BOLA GUIA JMF151"},"content":{"rendered":"<p>Bola guia s\u00e3o partes de a\u00e7o carbono temperadas aplicadas em motores hidr\u00e1ulicos do modelo JMF151.<\/p>","protected":false},"excerpt":{"rendered":"<p>Bola guia s\u00e3o partes de a\u00e7o carbono temperadas aplicadas em motores hidr\u00e1ulicos do modelo JMF151.<\/p>","protected":false},"featured_media":16201,"comment_status":"closed","ping_status":"closed","template":"","meta":{"_acf_changed":false,"om_disable_all_campaigns":false,"_monsterinsights_skip_tracking":false,"_monsterinsights_sitenote_active":false,"_monsterinsights_sitenote_note":"","_monsterinsights_sitenote_category":0,"_uf_show_specific_survey":0,"_uf_disable_surveys":false},"product_brand":[],"product_cat":[1192,38,387],"product_tag":[915],"class_list":{"0":"post-14939","1":"product","2":"type-product","3":"status-publish","4":"has-post-thumbnail","6":"product_cat-jmf-series-hyundai","7":"product_cat-partes-e-pecas","8":"product_cat-motoredutor-de-giro-pecas","9":"product_tag-xkay-00533","11":"first","12":"instock","13":"shipping-taxable","14":"product-type-simple"},"acf":[],"aioseo_notices":[],"_links":{"self":[{"href":"https:\/\/casadaescavadeira.com.br\/pt\/wp-json\/wp\/v2\/product\/14939","targetHints":{"allow":["GET"]}}],"collection":[{"href":"https:\/\/casadaescavadeira.com.br\/pt\/wp-json\/wp\/v2\/product"}],"about":[{"href":"https:\/\/casadaescavadeira.com.br\/pt\/wp-json\/wp\/v2\/types\/product"}],"replies":[{"embeddable":true,"href":"https:\/\/casadaescavadeira.com.br\/pt\/wp-json\/wp\/v2\/comments?post=14939"}],"wp:featuredmedia":[{"embeddable":true,"href":"https:\/\/casadaescavadeira.com.br\/pt\/wp-json\/wp\/v2\/media\/16201"}],"wp:attachment":[{"href":"https:\/\/casadaescavadeira.com.br\/pt\/wp-json\/wp\/v2\/media?parent=14939"}],"wp:term":[{"taxonomy":"product_brand","embeddable":true,"href":"https:\/\/casadaescavadeira.com.br\/pt\/wp-json\/wp\/v2\/product_brand?post=14939"},{"taxonomy":"product_cat","embeddable":true,"href":"https:\/\/casadaescavadeira.com.br\/pt\/wp-json\/wp\/v2\/product_cat?post=14939"},{"taxonomy":"product_tag","embeddable":true,"href":"https:\/\/casadaescavadeira.com.br\/pt\/wp-json\/wp\/v2\/product_tag?post=14939"}],"curies":[{"name":"wp","href":"https:\/\/api.w.org\/{rel}","templated":true}]}}