{"id":14935,"date":"2021-08-24T10:48:17","date_gmt":"2021-08-24T13:48:17","guid":{"rendered":"https:\/\/casadaescavadeira.com.br\/?post_type=product&#038;p=14935"},"modified":"2023-11-14T11:33:47","modified_gmt":"2023-11-14T14:33:47","slug":"placa-valvula-do-motor-de-giro-jmf151-hyundai-r210","status":"publish","type":"product","link":"https:\/\/casadaescavadeira.com.br\/pt\/produto\/placa-valvula-do-motor-de-giro-jmf151-hyundai-r210\/","title":{"rendered":"PLACA DE V\u00c1LVULA JMF151"},"content":{"rendered":"<p>Placa de v\u00e1lvula s\u00e3o partes de a\u00e7o carbono temperadas aplicadas em motores hidr\u00e1ulicos JMF151 ou equivalentes.<\/p>","protected":false},"excerpt":{"rendered":"<p>Placa de v\u00e1lvula s\u00e3o partes de a\u00e7o carbono temperadas aplicadas em motores hidr\u00e1ulicos JMF151 ou equivalentes.<\/p>","protected":false},"featured_media":16201,"comment_status":"closed","ping_status":"closed","template":"","meta":{"_acf_changed":false,"om_disable_all_campaigns":false,"_monsterinsights_skip_tracking":false,"_monsterinsights_sitenote_active":false,"_monsterinsights_sitenote_note":"","_monsterinsights_sitenote_category":0,"_uf_show_specific_survey":0,"_uf_disable_surveys":false},"product_brand":[],"product_cat":[1192,38,387],"product_tag":[913],"class_list":{"0":"post-14935","1":"product","2":"type-product","3":"status-publish","4":"has-post-thumbnail","6":"product_cat-jmf-series-hyundai","7":"product_cat-partes-e-pecas","8":"product_cat-motoredutor-de-giro-pecas","9":"product_tag-xkay-00544","11":"first","12":"instock","13":"shipping-taxable","14":"product-type-simple"},"acf":[],"aioseo_notices":[],"_links":{"self":[{"href":"https:\/\/casadaescavadeira.com.br\/pt\/wp-json\/wp\/v2\/product\/14935","targetHints":{"allow":["GET"]}}],"collection":[{"href":"https:\/\/casadaescavadeira.com.br\/pt\/wp-json\/wp\/v2\/product"}],"about":[{"href":"https:\/\/casadaescavadeira.com.br\/pt\/wp-json\/wp\/v2\/types\/product"}],"replies":[{"embeddable":true,"href":"https:\/\/casadaescavadeira.com.br\/pt\/wp-json\/wp\/v2\/comments?post=14935"}],"wp:featuredmedia":[{"embeddable":true,"href":"https:\/\/casadaescavadeira.com.br\/pt\/wp-json\/wp\/v2\/media\/16201"}],"wp:attachment":[{"href":"https:\/\/casadaescavadeira.com.br\/pt\/wp-json\/wp\/v2\/media?parent=14935"}],"wp:term":[{"taxonomy":"product_brand","embeddable":true,"href":"https:\/\/casadaescavadeira.com.br\/pt\/wp-json\/wp\/v2\/product_brand?post=14935"},{"taxonomy":"product_cat","embeddable":true,"href":"https:\/\/casadaescavadeira.com.br\/pt\/wp-json\/wp\/v2\/product_cat?post=14935"},{"taxonomy":"product_tag","embeddable":true,"href":"https:\/\/casadaescavadeira.com.br\/pt\/wp-json\/wp\/v2\/product_tag?post=14935"}],"curies":[{"name":"wp","href":"https:\/\/api.w.org\/{rel}","templated":true}]}}