{"id":14920,"date":"2021-08-24T09:58:14","date_gmt":"2021-08-24T12:58:14","guid":{"rendered":"https:\/\/casadaescavadeira.com.br\/?post_type=product&#038;p=14920"},"modified":"2023-11-14T14:39:15","modified_gmt":"2023-11-14T17:39:15","slug":"placa-valvula-do-motor-de-giro-tsm140-doosan-dx225","status":"publish","type":"product","link":"https:\/\/casadaescavadeira.com.br\/pt\/produto\/placa-valvula-do-motor-de-giro-tsm140-doosan-dx225\/","title":{"rendered":"PLACA DE V\u00c1LVULA TSM140"},"content":{"rendered":"<p>Placa de v\u00e1lvula s\u00e3o partes de a\u00e7o carbono temperadas aplicadas em motores hidr\u00e1ulicos TSM140 ou equivalentes.<\/p>","protected":false},"excerpt":{"rendered":"<p>Placa de v\u00e1lvula s\u00e3o partes de a\u00e7o carbono temperadas aplicadas em motores hidr\u00e1ulicos TSM140 ou equivalentes.<\/p>","protected":false},"featured_media":16201,"comment_status":"closed","ping_status":"closed","template":"","meta":{"_acf_changed":false,"om_disable_all_campaigns":false,"_monsterinsights_skip_tracking":false,"_monsterinsights_sitenote_active":false,"_monsterinsights_sitenote_note":"","_monsterinsights_sitenote_category":0,"_uf_show_specific_survey":0,"_uf_disable_surveys":false},"product_brand":[],"product_cat":[38,387,1191],"product_tag":[907],"class_list":{"0":"post-14920","1":"product","2":"type-product","3":"status-publish","4":"has-post-thumbnail","6":"product_cat-partes-e-pecas","7":"product_cat-motoredutor-de-giro-pecas","8":"product_cat-tsm-series-doosan","9":"product_tag-k9001847","11":"first","12":"instock","13":"shipping-taxable","14":"product-type-simple"},"acf":[],"aioseo_notices":[],"_links":{"self":[{"href":"https:\/\/casadaescavadeira.com.br\/pt\/wp-json\/wp\/v2\/product\/14920","targetHints":{"allow":["GET"]}}],"collection":[{"href":"https:\/\/casadaescavadeira.com.br\/pt\/wp-json\/wp\/v2\/product"}],"about":[{"href":"https:\/\/casadaescavadeira.com.br\/pt\/wp-json\/wp\/v2\/types\/product"}],"replies":[{"embeddable":true,"href":"https:\/\/casadaescavadeira.com.br\/pt\/wp-json\/wp\/v2\/comments?post=14920"}],"wp:featuredmedia":[{"embeddable":true,"href":"https:\/\/casadaescavadeira.com.br\/pt\/wp-json\/wp\/v2\/media\/16201"}],"wp:attachment":[{"href":"https:\/\/casadaescavadeira.com.br\/pt\/wp-json\/wp\/v2\/media?parent=14920"}],"wp:term":[{"taxonomy":"product_brand","embeddable":true,"href":"https:\/\/casadaescavadeira.com.br\/pt\/wp-json\/wp\/v2\/product_brand?post=14920"},{"taxonomy":"product_cat","embeddable":true,"href":"https:\/\/casadaescavadeira.com.br\/pt\/wp-json\/wp\/v2\/product_cat?post=14920"},{"taxonomy":"product_tag","embeddable":true,"href":"https:\/\/casadaescavadeira.com.br\/pt\/wp-json\/wp\/v2\/product_tag?post=14920"}],"curies":[{"name":"wp","href":"https:\/\/api.w.org\/{rel}","templated":true}]}}