{"id":14917,"date":"2021-08-24T09:53:22","date_gmt":"2021-08-24T12:53:22","guid":{"rendered":"https:\/\/casadaescavadeira.com.br\/?post_type=product&#038;p=14917"},"modified":"2023-11-14T14:47:39","modified_gmt":"2023-11-14T17:47:39","slug":"plato-do-motor-de-giro-tsm140-doosan-dx225","status":"publish","type":"product","link":"https:\/\/casadaescavadeira.com.br\/pt\/produto\/plato-do-motor-de-giro-tsm140-doosan-dx225\/","title":{"rendered":"PLAT\u00d4 TSM140"},"content":{"rendered":"<p>Plat\u00f4 s\u00e3o partes de a\u00e7o carbono exclusivas para motores hidr\u00e1ulicos modelo TSM140 ou equivalentes. Aplicados nas escavadeiras da marca Doosan DX225 ou equivalentes.<\/p>","protected":false},"excerpt":{"rendered":"<p>Plat\u00f4 s\u00e3o partes de a\u00e7o carbono exclusivas para motores hidr\u00e1ulicos modelo TSM140 ou equivalentes. Aplicados nas escavadeiras da marca Doosan DX225 ou equivalentes.<\/p>","protected":false},"featured_media":17264,"comment_status":"closed","ping_status":"closed","template":"","meta":{"_acf_changed":false,"om_disable_all_campaigns":false,"_monsterinsights_skip_tracking":false,"_monsterinsights_sitenote_active":false,"_monsterinsights_sitenote_note":"","_monsterinsights_sitenote_category":0,"_uf_show_specific_survey":0,"_uf_disable_surveys":false},"product_brand":[],"product_cat":[38,387,1191],"product_tag":[906],"class_list":{"0":"post-14917","1":"product","2":"type-product","3":"status-publish","4":"has-post-thumbnail","6":"product_cat-partes-e-pecas","7":"product_cat-motoredutor-de-giro-pecas","8":"product_cat-tsm-series-doosan","9":"product_tag-k9001844","11":"first","12":"instock","13":"shipping-taxable","14":"product-type-simple"},"acf":[],"aioseo_notices":[],"_links":{"self":[{"href":"https:\/\/casadaescavadeira.com.br\/pt\/wp-json\/wp\/v2\/product\/14917","targetHints":{"allow":["GET"]}}],"collection":[{"href":"https:\/\/casadaescavadeira.com.br\/pt\/wp-json\/wp\/v2\/product"}],"about":[{"href":"https:\/\/casadaescavadeira.com.br\/pt\/wp-json\/wp\/v2\/types\/product"}],"replies":[{"embeddable":true,"href":"https:\/\/casadaescavadeira.com.br\/pt\/wp-json\/wp\/v2\/comments?post=14917"}],"wp:featuredmedia":[{"embeddable":true,"href":"https:\/\/casadaescavadeira.com.br\/pt\/wp-json\/wp\/v2\/media\/17264"}],"wp:attachment":[{"href":"https:\/\/casadaescavadeira.com.br\/pt\/wp-json\/wp\/v2\/media?parent=14917"}],"wp:term":[{"taxonomy":"product_brand","embeddable":true,"href":"https:\/\/casadaescavadeira.com.br\/pt\/wp-json\/wp\/v2\/product_brand?post=14917"},{"taxonomy":"product_cat","embeddable":true,"href":"https:\/\/casadaescavadeira.com.br\/pt\/wp-json\/wp\/v2\/product_cat?post=14917"},{"taxonomy":"product_tag","embeddable":true,"href":"https:\/\/casadaescavadeira.com.br\/pt\/wp-json\/wp\/v2\/product_tag?post=14917"}],"curies":[{"name":"wp","href":"https:\/\/api.w.org\/{rel}","templated":true}]}}