{"id":14908,"date":"2021-08-20T14:27:10","date_gmt":"2021-08-20T17:27:10","guid":{"rendered":"https:\/\/casadaescavadeira.com.br\/?post_type=product&#038;p=14908"},"modified":"2024-11-26T10:37:17","modified_gmt":"2024-11-26T13:37:17","slug":"kit-de-vedacao-hpd71-komatsu-pc160-7","status":"publish","type":"product","link":"https:\/\/casadaescavadeira.com.br\/pt\/produto\/kit-de-vedacao-hpd71-komatsu-pc160-7\/","title":{"rendered":"KIT DE VEDA\u00c7\u00c3O DA BOMBA HPD71"},"content":{"rendered":"<p>Kit de veda\u00e7\u00e3o da bomba HPD71 \u00e9 composto por an\u00e9is o-rings de borracha de diversos tamanhos,\u00a0 an\u00e9is de encosto de nylon e retentores de ferro com\u00a0 borracha e seus derivados. S\u00e3o condicionados em pequenas embalagens pl\u00e1sticas e aplicados em bombas hidr\u00e1ulicas do da fam\u00edlia HPV71 usados em\u00a0 escavadeiras da marca Komatsu modelo PC160-7.<\/p>","protected":false},"excerpt":{"rendered":"<p>Kit de veda\u00e7\u00e3o da bomba HPD71 \u00e9 composto por an\u00e9is o-rings de borracha de diversos tamanhos,\u00a0 an\u00e9is de encosto de nylon e retentores de ferro com\u00a0 borracha e seus derivados. S\u00e3o condicionados em pequenas embalagens pl\u00e1sticas e aplicados em bombas hidr\u00e1ulicas do da fam\u00edlia HPV71 usados em\u00a0 escavadeiras da marca Komatsu modelo PC160-7.<\/p>","protected":false},"featured_media":16201,"comment_status":"closed","ping_status":"closed","template":"","meta":{"_acf_changed":false,"om_disable_all_campaigns":false,"_monsterinsights_skip_tracking":false,"_monsterinsights_sitenote_active":false,"_monsterinsights_sitenote_note":"","_monsterinsights_sitenote_category":0,"_uf_show_specific_survey":0,"_uf_disable_surveys":false},"product_brand":[],"product_cat":[1060,82],"product_tag":[],"class_list":{"0":"post-14908","1":"product","2":"type-product","3":"status-publish","4":"has-post-thumbnail","6":"product_cat-vedacao-da-bomba-hidraulica","7":"product_cat-vedacoes","8":"pa_marca-komatsu","10":"first","11":"instock","12":"shipping-taxable","13":"product-type-simple"},"acf":[],"aioseo_notices":[],"_links":{"self":[{"href":"https:\/\/casadaescavadeira.com.br\/pt\/wp-json\/wp\/v2\/product\/14908","targetHints":{"allow":["GET"]}}],"collection":[{"href":"https:\/\/casadaescavadeira.com.br\/pt\/wp-json\/wp\/v2\/product"}],"about":[{"href":"https:\/\/casadaescavadeira.com.br\/pt\/wp-json\/wp\/v2\/types\/product"}],"replies":[{"embeddable":true,"href":"https:\/\/casadaescavadeira.com.br\/pt\/wp-json\/wp\/v2\/comments?post=14908"}],"wp:featuredmedia":[{"embeddable":true,"href":"https:\/\/casadaescavadeira.com.br\/pt\/wp-json\/wp\/v2\/media\/16201"}],"wp:attachment":[{"href":"https:\/\/casadaescavadeira.com.br\/pt\/wp-json\/wp\/v2\/media?parent=14908"}],"wp:term":[{"taxonomy":"product_brand","embeddable":true,"href":"https:\/\/casadaescavadeira.com.br\/pt\/wp-json\/wp\/v2\/product_brand?post=14908"},{"taxonomy":"product_cat","embeddable":true,"href":"https:\/\/casadaescavadeira.com.br\/pt\/wp-json\/wp\/v2\/product_cat?post=14908"},{"taxonomy":"product_tag","embeddable":true,"href":"https:\/\/casadaescavadeira.com.br\/pt\/wp-json\/wp\/v2\/product_tag?post=14908"}],"curies":[{"name":"wp","href":"https:\/\/api.w.org\/{rel}","templated":true}]}}