{"id":14906,"date":"2021-08-20T14:06:15","date_gmt":"2021-08-20T17:06:15","guid":{"rendered":"https:\/\/casadaescavadeira.com.br\/?post_type=product&#038;p=14906"},"modified":"2023-11-14T15:48:44","modified_gmt":"2023-11-14T18:48:44","slug":"eixo-principal-hpd71-komatsu-pc160-7","status":"publish","type":"product","link":"https:\/\/casadaescavadeira.com.br\/pt\/produto\/eixo-principal-hpd71-komatsu-pc160-7\/","title":{"rendered":"EIXO PRINCIPAL HPD71"},"content":{"rendered":"<p>Eixo condutor ou direito (R) s\u00e3o partes de a\u00e7o carbono temperadas exclusiva para bombas hidr\u00e1ulicas volum\u00e9tricas rotativas do modelo HPD71 ou equivalentes<\/p>","protected":false},"excerpt":{"rendered":"<p>Eixo condutor ou direito (R) s\u00e3o partes de a\u00e7o carbono temperadas exclusiva para bombas hidr\u00e1ulicas volum\u00e9tricas rotativas do modelo HPD71 ou equivalentes<\/p>","protected":false},"featured_media":17271,"comment_status":"closed","ping_status":"closed","template":"","meta":{"_acf_changed":false,"om_disable_all_campaigns":false,"_monsterinsights_skip_tracking":false,"_monsterinsights_sitenote_active":false,"_monsterinsights_sitenote_note":"","_monsterinsights_sitenote_category":0,"_uf_show_specific_survey":0,"_uf_disable_surveys":false},"product_brand":[],"product_cat":[1724,38,39],"product_tag":[897],"class_list":{"0":"post-14906","1":"product","2":"type-product","3":"status-publish","4":"has-post-thumbnail","6":"product_cat-hpd","7":"product_cat-partes-e-pecas","8":"product_cat-bomba-hidraulica-pecas","9":"product_tag-708-3m-12111","11":"first","12":"instock","13":"shipping-taxable","14":"product-type-simple"},"acf":[],"aioseo_notices":[],"_links":{"self":[{"href":"https:\/\/casadaescavadeira.com.br\/pt\/wp-json\/wp\/v2\/product\/14906","targetHints":{"allow":["GET"]}}],"collection":[{"href":"https:\/\/casadaescavadeira.com.br\/pt\/wp-json\/wp\/v2\/product"}],"about":[{"href":"https:\/\/casadaescavadeira.com.br\/pt\/wp-json\/wp\/v2\/types\/product"}],"replies":[{"embeddable":true,"href":"https:\/\/casadaescavadeira.com.br\/pt\/wp-json\/wp\/v2\/comments?post=14906"}],"wp:featuredmedia":[{"embeddable":true,"href":"https:\/\/casadaescavadeira.com.br\/pt\/wp-json\/wp\/v2\/media\/17271"}],"wp:attachment":[{"href":"https:\/\/casadaescavadeira.com.br\/pt\/wp-json\/wp\/v2\/media?parent=14906"}],"wp:term":[{"taxonomy":"product_brand","embeddable":true,"href":"https:\/\/casadaescavadeira.com.br\/pt\/wp-json\/wp\/v2\/product_brand?post=14906"},{"taxonomy":"product_cat","embeddable":true,"href":"https:\/\/casadaescavadeira.com.br\/pt\/wp-json\/wp\/v2\/product_cat?post=14906"},{"taxonomy":"product_tag","embeddable":true,"href":"https:\/\/casadaescavadeira.com.br\/pt\/wp-json\/wp\/v2\/product_tag?post=14906"}],"curies":[{"name":"wp","href":"https:\/\/api.w.org\/{rel}","templated":true}]}}