{"id":14904,"date":"2021-08-20T14:02:23","date_gmt":"2021-08-20T17:02:23","guid":{"rendered":"https:\/\/casadaescavadeira.com.br\/?post_type=product&#038;p=14904"},"modified":"2023-11-14T16:03:29","modified_gmt":"2023-11-14T19:03:29","slug":"berco-hpd71","status":"publish","type":"product","link":"https:\/\/casadaescavadeira.com.br\/pt\/produto\/berco-hpd71\/","title":{"rendered":"BER\u00c7O HPD71"},"content":{"rendered":"<p>Ber\u00e7o bombas hidr\u00e1ulicas do modelo HPD71 aplicadas em escavadeiras hidr\u00e1ulicas da marca Komatsu PC160-7 e similares.<\/p>","protected":false},"excerpt":{"rendered":"<p>Ber\u00e7o bombas hidr\u00e1ulicas do modelo HPD71 aplicadas em escavadeiras hidr\u00e1ulicas da marca Komatsu PC160-7 e similares.<\/p>","protected":false},"featured_media":17273,"comment_status":"closed","ping_status":"closed","template":"","meta":{"_acf_changed":false,"om_disable_all_campaigns":false,"_monsterinsights_skip_tracking":false,"_monsterinsights_sitenote_active":false,"_monsterinsights_sitenote_note":"","_monsterinsights_sitenote_category":0,"_uf_show_specific_survey":0,"_uf_disable_surveys":false},"product_brand":[],"product_cat":[1724,38,39],"product_tag":[896],"class_list":{"0":"post-14904","1":"product","2":"type-product","3":"status-publish","4":"has-post-thumbnail","6":"product_cat-hpd","7":"product_cat-partes-e-pecas","8":"product_cat-bomba-hidraulica-pecas","9":"product_tag-708-3m-04160","11":"first","12":"instock","13":"shipping-taxable","14":"product-type-simple"},"acf":[],"aioseo_notices":[],"_links":{"self":[{"href":"https:\/\/casadaescavadeira.com.br\/pt\/wp-json\/wp\/v2\/product\/14904","targetHints":{"allow":["GET"]}}],"collection":[{"href":"https:\/\/casadaescavadeira.com.br\/pt\/wp-json\/wp\/v2\/product"}],"about":[{"href":"https:\/\/casadaescavadeira.com.br\/pt\/wp-json\/wp\/v2\/types\/product"}],"replies":[{"embeddable":true,"href":"https:\/\/casadaescavadeira.com.br\/pt\/wp-json\/wp\/v2\/comments?post=14904"}],"wp:featuredmedia":[{"embeddable":true,"href":"https:\/\/casadaescavadeira.com.br\/pt\/wp-json\/wp\/v2\/media\/17273"}],"wp:attachment":[{"href":"https:\/\/casadaescavadeira.com.br\/pt\/wp-json\/wp\/v2\/media?parent=14904"}],"wp:term":[{"taxonomy":"product_brand","embeddable":true,"href":"https:\/\/casadaescavadeira.com.br\/pt\/wp-json\/wp\/v2\/product_brand?post=14904"},{"taxonomy":"product_cat","embeddable":true,"href":"https:\/\/casadaescavadeira.com.br\/pt\/wp-json\/wp\/v2\/product_cat?post=14904"},{"taxonomy":"product_tag","embeddable":true,"href":"https:\/\/casadaescavadeira.com.br\/pt\/wp-json\/wp\/v2\/product_tag?post=14904"}],"curies":[{"name":"wp","href":"https:\/\/api.w.org\/{rel}","templated":true}]}}