{"id":14902,"date":"2021-08-20T13:58:39","date_gmt":"2021-08-20T16:58:39","guid":{"rendered":"https:\/\/casadaescavadeira.com.br\/?post_type=product&#038;p=14902"},"modified":"2023-11-14T16:12:56","modified_gmt":"2023-11-14T19:12:56","slug":"tampa-hpd71","status":"publish","type":"product","link":"https:\/\/casadaescavadeira.com.br\/pt\/produto\/tampa-hpd71\/","title":{"rendered":"TAMPA HPD71"},"content":{"rendered":"<p>Tampa para bomba HPD71 s\u00e3o pe\u00e7as de a\u00e7o carbono temperadas exclusivas para uso em bombas hidr\u00e1ulicas do modelo HPD71. Aplicadas em escavadeiras hidr\u00e1ulicas da marca Komatsu PC160-7 e similares.<\/p>","protected":false},"excerpt":{"rendered":"<p>Tampa para bomba HPD71 s\u00e3o pe\u00e7as de a\u00e7o carbono temperadas exclusivas para uso em bombas hidr\u00e1ulicas do modelo HPD71. Aplicadas em escavadeiras hidr\u00e1ulicas da marca Komatsu PC160-7 e similares.<\/p>","protected":false},"featured_media":16201,"comment_status":"closed","ping_status":"closed","template":"","meta":{"_acf_changed":false,"om_disable_all_campaigns":false,"_monsterinsights_skip_tracking":false,"_monsterinsights_sitenote_active":false,"_monsterinsights_sitenote_note":"","_monsterinsights_sitenote_category":0,"_uf_show_specific_survey":0,"_uf_disable_surveys":false},"product_brand":[],"product_cat":[1724,38,39],"product_tag":[],"class_list":{"0":"post-14902","1":"product","2":"type-product","3":"status-publish","4":"has-post-thumbnail","6":"product_cat-hpd","7":"product_cat-partes-e-pecas","8":"product_cat-bomba-hidraulica-pecas","10":"first","11":"instock","12":"shipping-taxable","13":"product-type-simple"},"acf":[],"aioseo_notices":[],"_links":{"self":[{"href":"https:\/\/casadaescavadeira.com.br\/pt\/wp-json\/wp\/v2\/product\/14902","targetHints":{"allow":["GET"]}}],"collection":[{"href":"https:\/\/casadaescavadeira.com.br\/pt\/wp-json\/wp\/v2\/product"}],"about":[{"href":"https:\/\/casadaescavadeira.com.br\/pt\/wp-json\/wp\/v2\/types\/product"}],"replies":[{"embeddable":true,"href":"https:\/\/casadaescavadeira.com.br\/pt\/wp-json\/wp\/v2\/comments?post=14902"}],"wp:featuredmedia":[{"embeddable":true,"href":"https:\/\/casadaescavadeira.com.br\/pt\/wp-json\/wp\/v2\/media\/16201"}],"wp:attachment":[{"href":"https:\/\/casadaescavadeira.com.br\/pt\/wp-json\/wp\/v2\/media?parent=14902"}],"wp:term":[{"taxonomy":"product_brand","embeddable":true,"href":"https:\/\/casadaescavadeira.com.br\/pt\/wp-json\/wp\/v2\/product_brand?post=14902"},{"taxonomy":"product_cat","embeddable":true,"href":"https:\/\/casadaescavadeira.com.br\/pt\/wp-json\/wp\/v2\/product_cat?post=14902"},{"taxonomy":"product_tag","embeddable":true,"href":"https:\/\/casadaescavadeira.com.br\/pt\/wp-json\/wp\/v2\/product_tag?post=14902"}],"curies":[{"name":"wp","href":"https:\/\/api.w.org\/{rel}","templated":true}]}}