{"id":14888,"date":"2021-08-20T11:50:24","date_gmt":"2021-08-20T14:50:24","guid":{"rendered":"https:\/\/casadaescavadeira.com.br\/?post_type=product&#038;p=14888"},"modified":"2024-11-26T10:41:06","modified_gmt":"2024-11-26T13:41:06","slug":"kit-de-vedacao-do-motor-de-giro-m2x63","status":"publish","type":"product","link":"https:\/\/casadaescavadeira.com.br\/pt\/produto\/kit-de-vedacao-do-motor-de-giro-m2x63\/","title":{"rendered":"KIT DE VEDA\u00c7\u00c3O DO MOTOREDUTOR DE GIRO M2X63"},"content":{"rendered":"<p>Kit de veda\u00e7\u00e3o \u00e9 composto por diversos itens de pl\u00e1stico, borracha e seus derivados condicionados em pequenas embalagens pl\u00e1sticas. S\u00e3o aplicado nos motoredutores de giro das\u00a0 escavadeiras hidr\u00e1ulicas da marca e modelo Volvo EC140.<\/p>","protected":false},"excerpt":{"rendered":"<p>Kit de veda\u00e7\u00e3o \u00e9 composto por diversos itens de pl\u00e1stico, borracha e seus derivados condicionados em pequenas embalagens pl\u00e1sticas. S\u00e3o aplicado nos motoredutores de giro das\u00a0 escavadeiras hidr\u00e1ulicas da marca e modelo Volvo EC140.<\/p>","protected":false},"featured_media":16201,"comment_status":"closed","ping_status":"closed","template":"","meta":{"_acf_changed":false,"om_disable_all_campaigns":false,"_monsterinsights_skip_tracking":false,"_monsterinsights_sitenote_active":false,"_monsterinsights_sitenote_note":"","_monsterinsights_sitenote_category":0,"_uf_show_specific_survey":0,"_uf_disable_surveys":false},"product_brand":[],"product_cat":[1329,82],"product_tag":[1727,1726,890],"class_list":{"0":"post-14888","1":"product","2":"type-product","3":"status-publish","4":"has-post-thumbnail","6":"product_cat-vedacao-do-motoredutor-de-giro","7":"product_cat-vedacoes","8":"product_tag-ap1904f","9":"product_tag-sa-8230-14370","10":"product_tag-sa8230-14370","11":"pa_marca-volvo","13":"first","14":"instock","15":"shipping-taxable","16":"product-type-simple"},"acf":[],"aioseo_notices":[],"_links":{"self":[{"href":"https:\/\/casadaescavadeira.com.br\/pt\/wp-json\/wp\/v2\/product\/14888","targetHints":{"allow":["GET"]}}],"collection":[{"href":"https:\/\/casadaescavadeira.com.br\/pt\/wp-json\/wp\/v2\/product"}],"about":[{"href":"https:\/\/casadaescavadeira.com.br\/pt\/wp-json\/wp\/v2\/types\/product"}],"replies":[{"embeddable":true,"href":"https:\/\/casadaescavadeira.com.br\/pt\/wp-json\/wp\/v2\/comments?post=14888"}],"wp:featuredmedia":[{"embeddable":true,"href":"https:\/\/casadaescavadeira.com.br\/pt\/wp-json\/wp\/v2\/media\/16201"}],"wp:attachment":[{"href":"https:\/\/casadaescavadeira.com.br\/pt\/wp-json\/wp\/v2\/media?parent=14888"}],"wp:term":[{"taxonomy":"product_brand","embeddable":true,"href":"https:\/\/casadaescavadeira.com.br\/pt\/wp-json\/wp\/v2\/product_brand?post=14888"},{"taxonomy":"product_cat","embeddable":true,"href":"https:\/\/casadaescavadeira.com.br\/pt\/wp-json\/wp\/v2\/product_cat?post=14888"},{"taxonomy":"product_tag","embeddable":true,"href":"https:\/\/casadaescavadeira.com.br\/pt\/wp-json\/wp\/v2\/product_tag?post=14888"}],"curies":[{"name":"wp","href":"https:\/\/api.w.org\/{rel}","templated":true}]}}