{"id":14804,"date":"2021-07-20T10:25:52","date_gmt":"2021-07-20T13:25:52","guid":{"rendered":"https:\/\/casadaescavadeira.com.br\/?post_type=product&#038;p=14804"},"modified":"2023-11-10T16:27:36","modified_gmt":"2023-11-10T19:27:36","slug":"bomba-piloto-a8vo107-caterpillar-cat320-320b-fx215","status":"publish","type":"product","link":"https:\/\/casadaescavadeira.com.br\/pt\/produto\/bomba-piloto-a8vo107-caterpillar-cat320-320b-fx215\/","title":{"rendered":"BOMBA PILOTO A8VO107"},"content":{"rendered":"<p>Bombas volum\u00e9tricas s\u00e3o componentes de alum\u00ednio com capacidade de 15 GAL\u00d5ES\/MINUTO com 4 parafusos de fixa\u00e7\u00e3o, 1 dreno EXTERNO e 2 sa\u00eddas de press\u00e3o. Para aplica\u00e7\u00e3o exclusiva em bombas hidr\u00e1ulicas volum\u00e9tricas rotativa A8VO107 ou equivalentes<\/p>","protected":false},"excerpt":{"rendered":"<p>Bombas volum\u00e9tricas s\u00e3o componentes de alum\u00ednio com capacidade de 15 GAL\u00d5ES\/MINUTO com 4 parafusos de fixa\u00e7\u00e3o, 1 dreno EXTERNO e 2 sa\u00eddas de press\u00e3o. Para aplica\u00e7\u00e3o exclusiva em bombas hidr\u00e1ulicas volum\u00e9tricas rotativa A8VO107 ou equivalentes<\/p>","protected":false},"featured_media":17240,"comment_status":"closed","ping_status":"closed","template":"","meta":{"_acf_changed":false,"om_disable_all_campaigns":false,"_monsterinsights_skip_tracking":false,"_monsterinsights_sitenote_active":false,"_monsterinsights_sitenote_note":"","_monsterinsights_sitenote_category":0,"_uf_show_specific_survey":0,"_uf_disable_surveys":false},"product_brand":[],"product_cat":[1178,38,39],"product_tag":[880,1737],"class_list":{"0":"post-14804","1":"product","2":"type-product","3":"status-publish","4":"has-post-thumbnail","6":"product_cat-a8vo-series-rexroth-bomba-hidraulica-pecas","7":"product_cat-partes-e-pecas","8":"product_cat-bomba-hidraulica-pecas","9":"product_tag-126-2083","10":"product_tag-133-6911","12":"first","13":"instock","14":"shipping-taxable","15":"product-type-simple"},"acf":[],"aioseo_notices":[],"_links":{"self":[{"href":"https:\/\/casadaescavadeira.com.br\/pt\/wp-json\/wp\/v2\/product\/14804","targetHints":{"allow":["GET"]}}],"collection":[{"href":"https:\/\/casadaescavadeira.com.br\/pt\/wp-json\/wp\/v2\/product"}],"about":[{"href":"https:\/\/casadaescavadeira.com.br\/pt\/wp-json\/wp\/v2\/types\/product"}],"replies":[{"embeddable":true,"href":"https:\/\/casadaescavadeira.com.br\/pt\/wp-json\/wp\/v2\/comments?post=14804"}],"wp:featuredmedia":[{"embeddable":true,"href":"https:\/\/casadaescavadeira.com.br\/pt\/wp-json\/wp\/v2\/media\/17240"}],"wp:attachment":[{"href":"https:\/\/casadaescavadeira.com.br\/pt\/wp-json\/wp\/v2\/media?parent=14804"}],"wp:term":[{"taxonomy":"product_brand","embeddable":true,"href":"https:\/\/casadaescavadeira.com.br\/pt\/wp-json\/wp\/v2\/product_brand?post=14804"},{"taxonomy":"product_cat","embeddable":true,"href":"https:\/\/casadaescavadeira.com.br\/pt\/wp-json\/wp\/v2\/product_cat?post=14804"},{"taxonomy":"product_tag","embeddable":true,"href":"https:\/\/casadaescavadeira.com.br\/pt\/wp-json\/wp\/v2\/product_tag?post=14804"}],"curies":[{"name":"wp","href":"https:\/\/api.w.org\/{rel}","templated":true}]}}