{"id":14793,"date":"2021-07-20T08:22:58","date_gmt":"2021-07-20T11:22:58","guid":{"rendered":"https:\/\/casadaescavadeira.com.br\/?post_type=product&#038;p=14793"},"modified":"2024-11-18T11:01:42","modified_gmt":"2024-11-18T14:01:42","slug":"kit-de-adaptacao-da-bomba-hidraulica-pc150","status":"publish","type":"product","link":"https:\/\/casadaescavadeira.com.br\/pt\/produto\/kit-de-adaptacao-da-bomba-hidraulica-pc150\/","title":{"rendered":"KIT DE ADAPTA\u00c7\u00c3O DA BOMBA HIDR\u00c1ULICA PC150"},"content":{"rendered":"<p>Bombas hidr\u00e1ulicas modelo HPV71, s\u00e3o bombas da marca Hitachi, encontradas no Brasil principalmente em escavadeiras da Marca Komatsu Modelo PC150 s\u00e9rie 3 e s\u00e9rie 5.<\/p>\n<p>Essas m\u00e1quinas foram e s\u00e3o comercializadas no Brasil ainda hoje em dia. Fabricadas na d\u00e9cada de 90 as suas bombas j\u00e1 possuem muitas horas de uso e certamente j\u00e1 passaram por mais de 2 ou 3 recupera\u00e7\u00f5es. Ainda encontra-se pe\u00e7as no mercado para a recupera\u00e7\u00e3o.<\/p>\n<p>Entretanto n\u00f3s da Casa da Escavadeira desenvolvemos mais uma adapta\u00e7\u00e3o para aqueles clientes que est\u00e3o buscando uma solu\u00e7\u00e3o definitiva para seu problema.<\/p>\n<p>Normalmente essas manuten\u00e7\u00f5es giram em torno de R$ 15.000,00 ou mais. Para esses casos aconselhamos a instala\u00e7\u00e3o da nossa bomba hidr\u00e1ulica dupla de 80CC.<\/p>\n<p>O Pre\u00e7o inclui: bomba hidr\u00e1ulica nova 2x80cc + kit de adapta\u00e7\u00e3o + manual de instala\u00e7\u00e3o.<\/p>","protected":false},"excerpt":{"rendered":"<p>Bombas hidr\u00e1ulicas modelo HPV71, s\u00e3o bombas da marca Hitachi, encontradas no Brasil principalmente em escavadeiras da Marca Komatsu Modelo PC150 s\u00e9rie 3 e s\u00e9rie 5.<\/p>\n<p>Essas m\u00e1quinas foram e s\u00e3o comercializadas no Brasil ainda hoje em dia. Fabricadas na d\u00e9cada de 90 as suas bombas j\u00e1 possuem muitas horas de uso e certamente j\u00e1 passaram por mais de 2 ou 3 recupera\u00e7\u00f5es. Ainda encontra-se pe\u00e7as no mercado para a recupera\u00e7\u00e3o.<\/p>\n<p>Entretanto n\u00f3s da Casa da Escavadeira desenvolvemos mais uma adapta\u00e7\u00e3o para aqueles clientes que est\u00e3o buscando uma solu\u00e7\u00e3o definitiva para seu problema.<\/p>\n<p>Normalmente essas manuten\u00e7\u00f5es giram em torno de R$ 15.000,00 ou mais. Para esses casos aconselhamos a instala\u00e7\u00e3o da nossa bomba hidr\u00e1ulica dupla de 80CC.<\/p>\n<p>O Pre\u00e7o inclui: bomba hidr\u00e1ulica nova 2x80cc + kit de adapta\u00e7\u00e3o + manual de instala\u00e7\u00e3o.<\/p>","protected":false},"featured_media":14794,"comment_status":"closed","ping_status":"closed","template":"","meta":{"_acf_changed":false,"om_disable_all_campaigns":false,"_monsterinsights_skip_tracking":false,"_monsterinsights_sitenote_active":false,"_monsterinsights_sitenote_note":"","_monsterinsights_sitenote_category":0,"_uf_show_specific_survey":0,"_uf_disable_surveys":false},"product_brand":[],"product_cat":[19,1050],"product_tag":[871,872,873],"class_list":{"0":"post-14793","1":"product","2":"type-product","3":"status-publish","4":"has-post-thumbnail","6":"product_cat-bombas-hidraulicas","7":"product_cat-k5v-series-kawasaki","8":"product_tag-708-25-04031","9":"product_tag-708-25-04032","10":"product_tag-708-25-20100","11":"pa_marca-komatsu","13":"first","14":"instock","15":"shipping-taxable","16":"product-type-simple"},"acf":[],"aioseo_notices":[],"_links":{"self":[{"href":"https:\/\/casadaescavadeira.com.br\/pt\/wp-json\/wp\/v2\/product\/14793","targetHints":{"allow":["GET"]}}],"collection":[{"href":"https:\/\/casadaescavadeira.com.br\/pt\/wp-json\/wp\/v2\/product"}],"about":[{"href":"https:\/\/casadaescavadeira.com.br\/pt\/wp-json\/wp\/v2\/types\/product"}],"replies":[{"embeddable":true,"href":"https:\/\/casadaescavadeira.com.br\/pt\/wp-json\/wp\/v2\/comments?post=14793"}],"wp:featuredmedia":[{"embeddable":true,"href":"https:\/\/casadaescavadeira.com.br\/pt\/wp-json\/wp\/v2\/media\/14794"}],"wp:attachment":[{"href":"https:\/\/casadaescavadeira.com.br\/pt\/wp-json\/wp\/v2\/media?parent=14793"}],"wp:term":[{"taxonomy":"product_brand","embeddable":true,"href":"https:\/\/casadaescavadeira.com.br\/pt\/wp-json\/wp\/v2\/product_brand?post=14793"},{"taxonomy":"product_cat","embeddable":true,"href":"https:\/\/casadaescavadeira.com.br\/pt\/wp-json\/wp\/v2\/product_cat?post=14793"},{"taxonomy":"product_tag","embeddable":true,"href":"https:\/\/casadaescavadeira.com.br\/pt\/wp-json\/wp\/v2\/product_tag?post=14793"}],"curies":[{"name":"wp","href":"https:\/\/api.w.org\/{rel}","templated":true}]}}