{"id":14776,"date":"2021-07-14T17:25:45","date_gmt":"2021-07-14T20:25:45","guid":{"rendered":"https:\/\/casadaescavadeira.com.br\/?post_type=product&#038;p=14776"},"modified":"2024-11-18T11:05:03","modified_gmt":"2024-11-18T14:05:03","slug":"kit-de-adaptacao-da-bomba-hidraulica-fh200-240","status":"publish","type":"product","link":"https:\/\/casadaescavadeira.com.br\/pt\/produto\/kit-de-adaptacao-da-bomba-hidraulica-fh200-240\/","title":{"rendered":"KIT DE ADAPTA\u00c7\u00c3O DA BOMBA HIDR\u00c1ULICA FH200\/FH240"},"content":{"rendered":"<p>F3V112 s\u00e3o bombas hidr\u00e1ulicas volum\u00e9tricas rotativas duplas de 112cm\u00b3\/rev cada, com vaz\u00e3o aproximada de 528l\/min, press\u00e3o de trabalho 34.3mpa ou 343bar e press\u00e3o m\u00e1xima de 39.2 mpa ou 392bar. Aplicadas em escavadeiras da marca Fiat Allis\u00a0 FH200\/FH240.<\/p>","protected":false},"excerpt":{"rendered":"<p>F3V112 s\u00e3o bombas hidr\u00e1ulicas volum\u00e9tricas rotativas duplas de 112cm\u00b3\/rev cada, com vaz\u00e3o aproximada de 528l\/min, press\u00e3o de trabalho 34.3mpa ou 343bar e press\u00e3o m\u00e1xima de 39.2 mpa ou 392bar. Aplicadas em escavadeiras da marca Fiat Allis\u00a0 FH200\/FH240.<\/p>","protected":false},"featured_media":14777,"comment_status":"closed","ping_status":"closed","template":"","meta":{"_acf_changed":false,"om_disable_all_campaigns":false,"_monsterinsights_skip_tracking":false,"_monsterinsights_sitenote_active":false,"_monsterinsights_sitenote_note":"","_monsterinsights_sitenote_category":0,"_uf_show_specific_survey":0,"_uf_disable_surveys":false},"product_brand":[],"product_cat":[19,1052],"product_tag":[],"class_list":{"0":"post-14776","1":"product","2":"type-product","3":"status-publish","4":"has-post-thumbnail","6":"product_cat-bombas-hidraulicas","7":"product_cat-k3v-series-kawasaki-bombas-hidraulicas","8":"pa_marca-fiat-allis","10":"first","11":"instock","12":"shipping-taxable","13":"product-type-simple"},"acf":[],"aioseo_notices":[],"_links":{"self":[{"href":"https:\/\/casadaescavadeira.com.br\/pt\/wp-json\/wp\/v2\/product\/14776","targetHints":{"allow":["GET"]}}],"collection":[{"href":"https:\/\/casadaescavadeira.com.br\/pt\/wp-json\/wp\/v2\/product"}],"about":[{"href":"https:\/\/casadaescavadeira.com.br\/pt\/wp-json\/wp\/v2\/types\/product"}],"replies":[{"embeddable":true,"href":"https:\/\/casadaescavadeira.com.br\/pt\/wp-json\/wp\/v2\/comments?post=14776"}],"wp:featuredmedia":[{"embeddable":true,"href":"https:\/\/casadaescavadeira.com.br\/pt\/wp-json\/wp\/v2\/media\/14777"}],"wp:attachment":[{"href":"https:\/\/casadaescavadeira.com.br\/pt\/wp-json\/wp\/v2\/media?parent=14776"}],"wp:term":[{"taxonomy":"product_brand","embeddable":true,"href":"https:\/\/casadaescavadeira.com.br\/pt\/wp-json\/wp\/v2\/product_brand?post=14776"},{"taxonomy":"product_cat","embeddable":true,"href":"https:\/\/casadaescavadeira.com.br\/pt\/wp-json\/wp\/v2\/product_cat?post=14776"},{"taxonomy":"product_tag","embeddable":true,"href":"https:\/\/casadaescavadeira.com.br\/pt\/wp-json\/wp\/v2\/product_tag?post=14776"}],"curies":[{"name":"wp","href":"https:\/\/api.w.org\/{rel}","templated":true}]}}