{"id":14278,"date":"2021-02-04T09:12:28","date_gmt":"2021-02-04T12:12:28","guid":{"rendered":"https:\/\/casadaescavadeira.com.br\/?post_type=product&#038;p=14278"},"modified":"2024-04-06T09:03:15","modified_gmt":"2024-04-06T12:03:15","slug":"disco-de-friccao-gm35vl","status":"publish","type":"product","link":"https:\/\/casadaescavadeira.com.br\/pt\/produto\/disco-de-friccao-gm35vl\/","title":{"rendered":"DISCO DE FRIC\u00c7\u00c3O GM35VL"},"content":{"rendered":"<p>Disco de fric\u00e7\u00e3o s\u00e3o partes de a\u00e7o carbono temperadas e sintetizadas aplicadas em motores hidr\u00e1ulicas do modelo GM35VL<\/p>","protected":false},"excerpt":{"rendered":"<p>Disco de fric\u00e7\u00e3o s\u00e3o partes de a\u00e7o carbono temperadas e sintetizadas aplicadas em motores hidr\u00e1ulicas do modelo GM35VL<\/p>","protected":false},"featured_media":16201,"comment_status":"closed","ping_status":"closed","template":"","meta":{"_acf_changed":false,"om_disable_all_campaigns":false,"_monsterinsights_skip_tracking":false,"_monsterinsights_sitenote_active":false,"_monsterinsights_sitenote_note":"","_monsterinsights_sitenote_category":0,"_uf_show_specific_survey":0,"_uf_disable_surveys":false},"product_brand":[],"product_cat":[1188,38,1162],"product_tag":[1457,624],"class_list":{"0":"post-14278","1":"product","2":"type-product","3":"status-publish","4":"has-post-thumbnail","6":"product_cat-gm-series-natbesco","7":"product_cat-partes-e-pecas","8":"product_cat-pecas-motoredutores-hidraulicos-translacao","9":"product_tag-sa-8230-21670","10":"product_tag-sa8230-21670","12":"first","13":"instock","14":"shipping-taxable","15":"product-type-simple"},"acf":[],"aioseo_notices":[],"_links":{"self":[{"href":"https:\/\/casadaescavadeira.com.br\/pt\/wp-json\/wp\/v2\/product\/14278","targetHints":{"allow":["GET"]}}],"collection":[{"href":"https:\/\/casadaescavadeira.com.br\/pt\/wp-json\/wp\/v2\/product"}],"about":[{"href":"https:\/\/casadaescavadeira.com.br\/pt\/wp-json\/wp\/v2\/types\/product"}],"replies":[{"embeddable":true,"href":"https:\/\/casadaescavadeira.com.br\/pt\/wp-json\/wp\/v2\/comments?post=14278"}],"wp:featuredmedia":[{"embeddable":true,"href":"https:\/\/casadaescavadeira.com.br\/pt\/wp-json\/wp\/v2\/media\/16201"}],"wp:attachment":[{"href":"https:\/\/casadaescavadeira.com.br\/pt\/wp-json\/wp\/v2\/media?parent=14278"}],"wp:term":[{"taxonomy":"product_brand","embeddable":true,"href":"https:\/\/casadaescavadeira.com.br\/pt\/wp-json\/wp\/v2\/product_brand?post=14278"},{"taxonomy":"product_cat","embeddable":true,"href":"https:\/\/casadaescavadeira.com.br\/pt\/wp-json\/wp\/v2\/product_cat?post=14278"},{"taxonomy":"product_tag","embeddable":true,"href":"https:\/\/casadaescavadeira.com.br\/pt\/wp-json\/wp\/v2\/product_tag?post=14278"}],"curies":[{"name":"wp","href":"https:\/\/api.w.org\/{rel}","templated":true}]}}