{"id":14268,"date":"2021-02-03T09:35:56","date_gmt":"2021-02-03T12:35:56","guid":{"rendered":"https:\/\/casadaescavadeira.com.br\/?post_type=product&#038;p=14268"},"modified":"2024-11-18T11:07:00","modified_gmt":"2024-11-18T14:07:00","slug":"bomba-hidraulica-f3v112dt-hnov","status":"publish","type":"product","link":"https:\/\/casadaescavadeira.com.br\/pt\/produto\/bomba-hidraulica-f3v112dt-hnov\/","title":{"rendered":"BOMBA HIDR\u00c1ULICA F3V112DT-HNOV"},"content":{"rendered":"<p>F3V112DT-HNOV s\u00e3o bombas hidr\u00e1ulicas volum\u00e9tricas rotativas de pist\u00f5es axiais e fluxo vari\u00e1vel, para acionamento hidrost\u00e1tico em circuitos fechados, de dupla a\u00e7\u00e3o com 224cm\u00b3\/REV,\u00a0 m\u00e1ximo de 2360 RPM, com vaz\u00e3o aproximada de 528L\/MIN, press\u00e3o de trabalho 34.3MPa ou 343BAR e press\u00e3o m\u00e1xima de 39.2 Mpa ou 392BAR. Aplicadas em escavadeiras multimarcas de 18 a 21 toneladas.<\/p>","protected":false},"excerpt":{"rendered":"<p>F3V112DT-HNOV s\u00e3o bombas hidr\u00e1ulicas volum\u00e9tricas rotativas de pist\u00f5es axiais e fluxo vari\u00e1vel, para acionamento hidrost\u00e1tico em circuitos fechados, de dupla a\u00e7\u00e3o com 224cm\u00b3\/REV,\u00a0 m\u00e1ximo de 2360 RPM, com vaz\u00e3o aproximada de 528L\/MIN, press\u00e3o de trabalho 34.3MPa ou 343BAR e press\u00e3o m\u00e1xima de 39.2 Mpa ou 392BAR. Aplicadas em escavadeiras multimarcas de 18 a 21 toneladas.<\/p>","protected":false},"featured_media":14269,"comment_status":"closed","ping_status":"closed","template":"","meta":{"_acf_changed":false,"om_disable_all_campaigns":false,"_monsterinsights_skip_tracking":false,"_monsterinsights_sitenote_active":false,"_monsterinsights_sitenote_note":"","_monsterinsights_sitenote_category":0,"_uf_show_specific_survey":0,"_uf_disable_surveys":false},"product_brand":[],"product_cat":[19,1052],"product_tag":[1719],"class_list":{"0":"post-14268","1":"product","2":"type-product","3":"status-publish","4":"has-post-thumbnail","6":"product_cat-bombas-hidraulicas","7":"product_cat-k3v-series-kawasaki-bombas-hidraulicas","8":"product_tag-2401-9223","9":"pa_marca-doosan","11":"first","12":"instock","13":"shipping-taxable","14":"product-type-simple"},"acf":[],"aioseo_notices":[],"_links":{"self":[{"href":"https:\/\/casadaescavadeira.com.br\/pt\/wp-json\/wp\/v2\/product\/14268","targetHints":{"allow":["GET"]}}],"collection":[{"href":"https:\/\/casadaescavadeira.com.br\/pt\/wp-json\/wp\/v2\/product"}],"about":[{"href":"https:\/\/casadaescavadeira.com.br\/pt\/wp-json\/wp\/v2\/types\/product"}],"replies":[{"embeddable":true,"href":"https:\/\/casadaescavadeira.com.br\/pt\/wp-json\/wp\/v2\/comments?post=14268"}],"wp:featuredmedia":[{"embeddable":true,"href":"https:\/\/casadaescavadeira.com.br\/pt\/wp-json\/wp\/v2\/media\/14269"}],"wp:attachment":[{"href":"https:\/\/casadaescavadeira.com.br\/pt\/wp-json\/wp\/v2\/media?parent=14268"}],"wp:term":[{"taxonomy":"product_brand","embeddable":true,"href":"https:\/\/casadaescavadeira.com.br\/pt\/wp-json\/wp\/v2\/product_brand?post=14268"},{"taxonomy":"product_cat","embeddable":true,"href":"https:\/\/casadaescavadeira.com.br\/pt\/wp-json\/wp\/v2\/product_cat?post=14268"},{"taxonomy":"product_tag","embeddable":true,"href":"https:\/\/casadaescavadeira.com.br\/pt\/wp-json\/wp\/v2\/product_tag?post=14268"}],"curies":[{"name":"wp","href":"https:\/\/api.w.org\/{rel}","templated":true}]}}