{"id":14261,"date":"2021-02-02T14:43:09","date_gmt":"2021-02-02T17:43:09","guid":{"rendered":"https:\/\/casadaescavadeira.com.br\/?post_type=product&#038;p=14261"},"modified":"2024-11-19T15:53:28","modified_gmt":"2024-11-19T18:53:28","slug":"motoredutor-de-translacao-ftm09vc-53-34-5-12-m14x2","status":"publish","type":"product","link":"https:\/\/casadaescavadeira.com.br\/pt\/produto\/motoredutor-de-translacao-ftm09vc-53-34-5-12-m14x2\/","title":{"rendered":"MOTOREDUTOR DE TRANSLA\u00c7\u00c3O TM09VC-53\/34-5"},"content":{"rendered":"<p>TM09VC-53\/34-5 \u00e9 um motor hidr\u00e1ulico de pist\u00e3o axial de placa inclin\u00e1vel com deslocamento volum\u00e9trico vari\u00e1vel entre 53 e 34cm\u00b3\/revolu\u00e7\u00e3o, press\u00e3o m\u00e1xima 29.4MPa, conjugado a um redutor planet\u00e1rio com rela\u00e7\u00e3o de transmiss\u00e3o de 45,57x, torque m\u00e1ximo de 11300 N.m para sistemas de locomo\u00e7\u00e3o de m\u00e1quinas autopropulsadas. DCHASSIS=210X12M16, DRODA=265X12M14<\/p>","protected":false},"excerpt":{"rendered":"<p>TM09VC-53\/34-5 \u00e9 um motor hidr\u00e1ulico de pist\u00e3o axial de placa inclin\u00e1vel com deslocamento volum\u00e9trico vari\u00e1vel entre 53 e 34cm\u00b3\/revolu\u00e7\u00e3o, press\u00e3o m\u00e1xima 29.4MPa, conjugado a um redutor planet\u00e1rio com rela\u00e7\u00e3o de transmiss\u00e3o de 45,57x, torque m\u00e1ximo de 11300 N.m para sistemas de locomo\u00e7\u00e3o de m\u00e1quinas autopropulsadas.<\/p>","protected":false},"featured_media":14262,"comment_status":"closed","ping_status":"closed","template":"","meta":{"_acf_changed":false,"om_disable_all_campaigns":false,"_monsterinsights_skip_tracking":false,"_monsterinsights_sitenote_active":false,"_monsterinsights_sitenote_note":"","_monsterinsights_sitenote_category":0,"_uf_show_specific_survey":0,"_uf_disable_surveys":false},"product_brand":[],"product_cat":[192,1199],"product_tag":[],"class_list":{"0":"post-14261","1":"product","2":"type-product","3":"status-publish","4":"has-post-thumbnail","6":"product_cat-motoredutor-de-tracao","7":"product_cat-tm-series-doosan-motoredutor-de-tracao","8":"pa_marca-caterpillar","9":"pa_marca-new-holland","10":"pa_marca-sany","12":"first","13":"instock","14":"shipping-taxable","15":"product-type-simple"},"acf":[],"aioseo_notices":[],"_links":{"self":[{"href":"https:\/\/casadaescavadeira.com.br\/pt\/wp-json\/wp\/v2\/product\/14261","targetHints":{"allow":["GET"]}}],"collection":[{"href":"https:\/\/casadaescavadeira.com.br\/pt\/wp-json\/wp\/v2\/product"}],"about":[{"href":"https:\/\/casadaescavadeira.com.br\/pt\/wp-json\/wp\/v2\/types\/product"}],"replies":[{"embeddable":true,"href":"https:\/\/casadaescavadeira.com.br\/pt\/wp-json\/wp\/v2\/comments?post=14261"}],"wp:featuredmedia":[{"embeddable":true,"href":"https:\/\/casadaescavadeira.com.br\/pt\/wp-json\/wp\/v2\/media\/14262"}],"wp:attachment":[{"href":"https:\/\/casadaescavadeira.com.br\/pt\/wp-json\/wp\/v2\/media?parent=14261"}],"wp:term":[{"taxonomy":"product_brand","embeddable":true,"href":"https:\/\/casadaescavadeira.com.br\/pt\/wp-json\/wp\/v2\/product_brand?post=14261"},{"taxonomy":"product_cat","embeddable":true,"href":"https:\/\/casadaescavadeira.com.br\/pt\/wp-json\/wp\/v2\/product_cat?post=14261"},{"taxonomy":"product_tag","embeddable":true,"href":"https:\/\/casadaescavadeira.com.br\/pt\/wp-json\/wp\/v2\/product_tag?post=14261"}],"curies":[{"name":"wp","href":"https:\/\/api.w.org\/{rel}","templated":true}]}}