{"id":14238,"date":"2021-02-02T10:34:46","date_gmt":"2021-02-02T13:34:46","guid":{"rendered":"https:\/\/casadaescavadeira.com.br\/?post_type=product&#038;p=14238"},"modified":"2024-11-26T10:50:51","modified_gmt":"2024-11-26T13:50:51","slug":"retentor-do-motor-de-giro-r210-7-ap28641-nok-72x50x10","status":"publish","type":"product","link":"https:\/\/casadaescavadeira.com.br\/pt\/produto\/retentor-do-motor-de-giro-r210-7-ap28641-nok-72x50x10\/","title":{"rendered":"RETENTOR DO MOTOR DE GIRO R210-7 AP28641 NOK"},"content":{"rendered":"<p>Retentores de ferro com\u00a0 borracha e seus derivados, possui medidas comerciais de 72x50x10mm, condicionados em sacos pl\u00e1sticos ou caixas de papel\u00e3o, s\u00e3o aplicados em motores de giro das escavadeiras da marca e modelo R210-LC7 e seus similares.<\/p>","protected":false},"excerpt":{"rendered":"<p>Retentores de ferro com\u00a0 borracha e seus derivados, possui medidas comerciais de 72x50x10mm, condicionados em sacos pl\u00e1sticos ou caixas de papel\u00e3o, s\u00e3o aplicados em motores de giro das escavadeiras da marca e modelo R210-LC7 e seus similares.<\/p>","protected":false},"featured_media":17167,"comment_status":"closed","ping_status":"closed","template":"","meta":{"_acf_changed":false,"om_disable_all_campaigns":false,"_monsterinsights_skip_tracking":false,"_monsterinsights_sitenote_active":false,"_monsterinsights_sitenote_note":"","_monsterinsights_sitenote_category":0,"_uf_show_specific_survey":0,"_uf_disable_surveys":false},"product_brand":[],"product_cat":[1332,82],"product_tag":[],"class_list":{"0":"post-14238","1":"product","2":"type-product","3":"status-publish","4":"has-post-thumbnail","6":"product_cat-retentor","7":"product_cat-vedacoes","8":"pa_marca-hyundai","10":"first","11":"instock","12":"shipping-taxable","13":"product-type-simple"},"acf":[],"aioseo_notices":[],"_links":{"self":[{"href":"https:\/\/casadaescavadeira.com.br\/pt\/wp-json\/wp\/v2\/product\/14238","targetHints":{"allow":["GET"]}}],"collection":[{"href":"https:\/\/casadaescavadeira.com.br\/pt\/wp-json\/wp\/v2\/product"}],"about":[{"href":"https:\/\/casadaescavadeira.com.br\/pt\/wp-json\/wp\/v2\/types\/product"}],"replies":[{"embeddable":true,"href":"https:\/\/casadaescavadeira.com.br\/pt\/wp-json\/wp\/v2\/comments?post=14238"}],"wp:featuredmedia":[{"embeddable":true,"href":"https:\/\/casadaescavadeira.com.br\/pt\/wp-json\/wp\/v2\/media\/17167"}],"wp:attachment":[{"href":"https:\/\/casadaescavadeira.com.br\/pt\/wp-json\/wp\/v2\/media?parent=14238"}],"wp:term":[{"taxonomy":"product_brand","embeddable":true,"href":"https:\/\/casadaescavadeira.com.br\/pt\/wp-json\/wp\/v2\/product_brand?post=14238"},{"taxonomy":"product_cat","embeddable":true,"href":"https:\/\/casadaescavadeira.com.br\/pt\/wp-json\/wp\/v2\/product_cat?post=14238"},{"taxonomy":"product_tag","embeddable":true,"href":"https:\/\/casadaescavadeira.com.br\/pt\/wp-json\/wp\/v2\/product_tag?post=14238"}],"curies":[{"name":"wp","href":"https:\/\/api.w.org\/{rel}","templated":true}]}}