{"id":14230,"date":"2021-02-02T10:17:38","date_gmt":"2021-02-02T13:17:38","guid":{"rendered":"https:\/\/casadaescavadeira.com.br\/?post_type=product&#038;p=14230"},"modified":"2024-11-26T11:18:40","modified_gmt":"2024-11-26T14:18:40","slug":"retentor-k3v180-ap3052f-nok-78x55x8","status":"publish","type":"product","link":"https:\/\/casadaescavadeira.com.br\/pt\/produto\/retentor-k3v180-ap3052f-nok-78x55x8\/","title":{"rendered":"RETENTOR K3V180 AP3052F NOK"},"content":{"rendered":"<p>Retentores de ferro com\u00a0 borracha e seus derivados, possui medidas comerciais de 78x55x08mm, condicionados em sacos pl\u00e1sticos ou caixas de papel\u00e3o, s\u00e3o aplicados em bombas hidr\u00e1ulicas da fam\u00edlia K3V180 e seus similares.<\/p>","protected":false},"excerpt":{"rendered":"<p>Retentores de ferro com\u00a0 borracha e seus derivados, possui medidas comerciais de 78x55x08mm, condicionados em sacos pl\u00e1sticos ou caixas de papel\u00e3o, s\u00e3o aplicados em bombas hidr\u00e1ulicas da fam\u00edlia K3V180 e seus similares.<\/p>","protected":false},"featured_media":14231,"comment_status":"closed","ping_status":"closed","template":"","meta":{"_acf_changed":false,"om_disable_all_campaigns":false,"_monsterinsights_skip_tracking":false,"_monsterinsights_sitenote_active":false,"_monsterinsights_sitenote_note":"","_monsterinsights_sitenote_category":0,"_uf_show_specific_survey":0,"_uf_disable_surveys":false},"product_brand":[],"product_cat":[82],"product_tag":[2342,2052],"class_list":{"0":"post-14230","1":"product","2":"type-product","3":"status-publish","4":"has-post-thumbnail","6":"product_cat-vedacoes","7":"product_tag-sa-7223-00060-sa7223-00060","8":"product_tag-xjbn-00019","9":"pa_marca-hyundai","10":"pa_marca-volvo","12":"first","13":"instock","14":"shipping-taxable","15":"product-type-simple"},"acf":[],"aioseo_notices":[],"_links":{"self":[{"href":"https:\/\/casadaescavadeira.com.br\/pt\/wp-json\/wp\/v2\/product\/14230","targetHints":{"allow":["GET"]}}],"collection":[{"href":"https:\/\/casadaescavadeira.com.br\/pt\/wp-json\/wp\/v2\/product"}],"about":[{"href":"https:\/\/casadaescavadeira.com.br\/pt\/wp-json\/wp\/v2\/types\/product"}],"replies":[{"embeddable":true,"href":"https:\/\/casadaescavadeira.com.br\/pt\/wp-json\/wp\/v2\/comments?post=14230"}],"wp:featuredmedia":[{"embeddable":true,"href":"https:\/\/casadaescavadeira.com.br\/pt\/wp-json\/wp\/v2\/media\/14231"}],"wp:attachment":[{"href":"https:\/\/casadaescavadeira.com.br\/pt\/wp-json\/wp\/v2\/media?parent=14230"}],"wp:term":[{"taxonomy":"product_brand","embeddable":true,"href":"https:\/\/casadaescavadeira.com.br\/pt\/wp-json\/wp\/v2\/product_brand?post=14230"},{"taxonomy":"product_cat","embeddable":true,"href":"https:\/\/casadaescavadeira.com.br\/pt\/wp-json\/wp\/v2\/product_cat?post=14230"},{"taxonomy":"product_tag","embeddable":true,"href":"https:\/\/casadaescavadeira.com.br\/pt\/wp-json\/wp\/v2\/product_tag?post=14230"}],"curies":[{"name":"wp","href":"https:\/\/api.w.org\/{rel}","templated":true}]}}