{"id":14218,"date":"2021-02-02T08:55:03","date_gmt":"2021-02-02T11:55:03","guid":{"rendered":"https:\/\/casadaescavadeira.com.br\/?post_type=product&#038;p=14218"},"modified":"2023-11-07T09:28:27","modified_gmt":"2023-11-07T12:28:27","slug":"kit-de-vedacao-bomba-hidraulica-sbs80","status":"publish","type":"product","link":"https:\/\/casadaescavadeira.com.br\/pt\/produto\/kit-de-vedacao-bomba-hidraulica-sbs80\/","title":{"rendered":"KIT DE VEDA\u00c7\u00c3O BOMBA HIDR\u00c1ULICA SBS80"},"content":{"rendered":"<p>Kit de veda\u00e7\u00e3o da bomba SBS80 (NOK AP2085A &#8211; SEM KIT DE JUNTAS) \u00e9 composto por an\u00e9is o-rings de borracha de diversos tamanhos,\u00a0 an\u00e9is de encosto de nylon e retentores de ferro com\u00a0 borracha e seus derivados. s\u00e3o condicionados em pequenas embalagens pl\u00e1sticas e aplicados em bombas hidr\u00e1ulicas do da fam\u00edlia SBS80 usados em escavadeiras da marca Caterpillar de diversos modelos.<\/p>","protected":false},"excerpt":{"rendered":"<p>Kit de veda\u00e7\u00e3o da bomba SBS80 \u00e9 composto por an\u00e9is o-rings de borracha de diversos tamanhos,\u00a0 an\u00e9is de encosto de nylon e retentores de ferro com\u00a0 borracha e seus derivados. s\u00e3o condicionados em pequenas embalagens pl\u00e1sticas e aplicados em bombas hidr\u00e1ulicas do da fam\u00edlia SBS80 usados em escavadeiras da marca Caterpillar de diversos modelos.<\/p>","protected":false},"featured_media":16201,"comment_status":"closed","ping_status":"closed","template":"","meta":{"_acf_changed":false,"om_disable_all_campaigns":false,"_monsterinsights_skip_tracking":false,"_monsterinsights_sitenote_active":false,"_monsterinsights_sitenote_note":"","_monsterinsights_sitenote_category":0,"_uf_show_specific_survey":0,"_uf_disable_surveys":false},"product_brand":[],"product_cat":[1060,82],"product_tag":[],"class_list":{"0":"post-14218","1":"product","2":"type-product","3":"status-publish","4":"has-post-thumbnail","6":"product_cat-vedacao-da-bomba-hidraulica","7":"product_cat-vedacoes","9":"first","10":"instock","11":"shipping-taxable","12":"product-type-simple"},"acf":[],"aioseo_notices":[],"_links":{"self":[{"href":"https:\/\/casadaescavadeira.com.br\/pt\/wp-json\/wp\/v2\/product\/14218","targetHints":{"allow":["GET"]}}],"collection":[{"href":"https:\/\/casadaescavadeira.com.br\/pt\/wp-json\/wp\/v2\/product"}],"about":[{"href":"https:\/\/casadaescavadeira.com.br\/pt\/wp-json\/wp\/v2\/types\/product"}],"replies":[{"embeddable":true,"href":"https:\/\/casadaescavadeira.com.br\/pt\/wp-json\/wp\/v2\/comments?post=14218"}],"wp:featuredmedia":[{"embeddable":true,"href":"https:\/\/casadaescavadeira.com.br\/pt\/wp-json\/wp\/v2\/media\/16201"}],"wp:attachment":[{"href":"https:\/\/casadaescavadeira.com.br\/pt\/wp-json\/wp\/v2\/media?parent=14218"}],"wp:term":[{"taxonomy":"product_brand","embeddable":true,"href":"https:\/\/casadaescavadeira.com.br\/pt\/wp-json\/wp\/v2\/product_brand?post=14218"},{"taxonomy":"product_cat","embeddable":true,"href":"https:\/\/casadaescavadeira.com.br\/pt\/wp-json\/wp\/v2\/product_cat?post=14218"},{"taxonomy":"product_tag","embeddable":true,"href":"https:\/\/casadaescavadeira.com.br\/pt\/wp-json\/wp\/v2\/product_tag?post=14218"}],"curies":[{"name":"wp","href":"https:\/\/api.w.org\/{rel}","templated":true}]}}