{"id":14198,"date":"2021-02-02T00:05:01","date_gmt":"2021-02-02T03:05:01","guid":{"rendered":"https:\/\/casadaescavadeira.com.br\/?post_type=product&#038;p=14198"},"modified":"2023-11-01T15:47:12","modified_gmt":"2023-11-01T18:47:12","slug":"kit-de-vedacao-motor-de-tracao-tm40-gm35vl-aneis-grossos84mm","status":"publish","type":"product","link":"https:\/\/casadaescavadeira.com.br\/pt\/produto\/kit-de-vedacao-motor-de-tracao-tm40-gm35vl-aneis-grossos84mm\/","title":{"rendered":"KIT DE VEDA\u00c7\u00c3O MOTOR DE TRA\u00c7\u00c3O FTM40VC"},"content":{"rendered":"<p>Kit de veda\u00e7\u00e3o do motor de tra\u00e7\u00e3o tm40vc \u00e9 composto por an\u00e9is o-rings de borracha de diversos tamanhos, an\u00e9is de encosto de nylon e retentores de ferro com\u00a0 borracha e seus derivados. s\u00e3o condicionados em pequenas embalagens pl\u00e1sticas e aplicados em motores hidr\u00e1ulicos\u00a0 de transla\u00e7\u00e3o do tipo tm40 usados em diversas marcas de escavadeiras hidr\u00e1ulicas.<\/p>","protected":false},"excerpt":{"rendered":"<p>Kit de veda\u00e7\u00e3o do motor de tra\u00e7\u00e3o tm40vc \u00e9 composto por an\u00e9is o-rings de borracha de diversos tamanhos, an\u00e9is de encosto de nylon e retentores de ferro com\u00a0 borracha e seus derivados. s\u00e3o condicionados em pequenas embalagens pl\u00e1sticas e aplicados em motores hidr\u00e1ulicos\u00a0 de transla\u00e7\u00e3o do tipo tm40 usados em diversas marcas de escavadeiras hidr\u00e1ulicas.<\/p>","protected":false},"featured_media":16201,"comment_status":"closed","ping_status":"closed","template":"","meta":{"_acf_changed":false,"om_disable_all_campaigns":false,"_monsterinsights_skip_tracking":false,"_monsterinsights_sitenote_active":false,"_monsterinsights_sitenote_note":"","_monsterinsights_sitenote_category":0,"_uf_show_specific_survey":0,"_uf_disable_surveys":false},"product_brand":[],"product_cat":[1330,82],"product_tag":[1686,1685],"class_list":{"0":"post-14198","1":"product","2":"type-product","3":"status-publish","4":"has-post-thumbnail","6":"product_cat-vedacao-do-motoredutor-de-tracao","7":"product_cat-vedacoes","8":"product_tag-voe-14589155","9":"product_tag-voe14589155","11":"first","12":"instock","13":"shipping-taxable","14":"product-type-simple"},"acf":[],"aioseo_notices":[],"_links":{"self":[{"href":"https:\/\/casadaescavadeira.com.br\/pt\/wp-json\/wp\/v2\/product\/14198","targetHints":{"allow":["GET"]}}],"collection":[{"href":"https:\/\/casadaescavadeira.com.br\/pt\/wp-json\/wp\/v2\/product"}],"about":[{"href":"https:\/\/casadaescavadeira.com.br\/pt\/wp-json\/wp\/v2\/types\/product"}],"replies":[{"embeddable":true,"href":"https:\/\/casadaescavadeira.com.br\/pt\/wp-json\/wp\/v2\/comments?post=14198"}],"wp:featuredmedia":[{"embeddable":true,"href":"https:\/\/casadaescavadeira.com.br\/pt\/wp-json\/wp\/v2\/media\/16201"}],"wp:attachment":[{"href":"https:\/\/casadaescavadeira.com.br\/pt\/wp-json\/wp\/v2\/media?parent=14198"}],"wp:term":[{"taxonomy":"product_brand","embeddable":true,"href":"https:\/\/casadaescavadeira.com.br\/pt\/wp-json\/wp\/v2\/product_brand?post=14198"},{"taxonomy":"product_cat","embeddable":true,"href":"https:\/\/casadaescavadeira.com.br\/pt\/wp-json\/wp\/v2\/product_cat?post=14198"},{"taxonomy":"product_tag","embeddable":true,"href":"https:\/\/casadaescavadeira.com.br\/pt\/wp-json\/wp\/v2\/product_tag?post=14198"}],"curies":[{"name":"wp","href":"https:\/\/api.w.org\/{rel}","templated":true}]}}