{"id":14192,"date":"2021-02-01T15:55:13","date_gmt":"2021-02-01T18:55:13","guid":{"rendered":"https:\/\/casadaescavadeira.com.br\/?post_type=product&#038;p=14192"},"modified":"2023-11-01T16:02:12","modified_gmt":"2023-11-01T19:02:12","slug":"kit-de-vedacao-do-comando-pc200-6-komatsu","status":"publish","type":"product","link":"https:\/\/casadaescavadeira.com.br\/pt\/produto\/kit-de-vedacao-do-comando-pc200-6-komatsu\/","title":{"rendered":"KIT DE VEDA\u00c7\u00c3O DO COMANDO PC200-6"},"content":{"rendered":"<p>Kit de veda\u00e7\u00e3o composto por diversos itens de pl\u00e1stico, borracha e seus derivados condicionados em pequenas embalagens pl\u00e1sticas. s\u00e3o aplicado nos comandos hidr\u00e1ulicos das\u00a0 escavadeiras hidr\u00e1ulicas da marca e modelo Komatsu PC200-6.<\/p>","protected":false},"excerpt":{"rendered":"<p>Kit de veda\u00e7\u00e3o composto por diversos itens de pl\u00e1stico, borracha e seus derivados condicionados em pequenas embalagens pl\u00e1sticas. s\u00e3o aplicado nos comandos hidr\u00e1ulicos das\u00a0 escavadeiras hidr\u00e1ulicas da marca e modelo Komatsu PC200-6.<\/p>","protected":false},"featured_media":16201,"comment_status":"closed","ping_status":"closed","template":"","meta":{"_acf_changed":false,"om_disable_all_campaigns":false,"_monsterinsights_skip_tracking":false,"_monsterinsights_sitenote_active":false,"_monsterinsights_sitenote_note":"","_monsterinsights_sitenote_category":0,"_uf_show_specific_survey":0,"_uf_disable_surveys":false},"product_brand":[],"product_cat":[1239,82],"product_tag":[],"class_list":{"0":"post-14192","1":"product","2":"type-product","3":"status-publish","4":"has-post-thumbnail","6":"product_cat-vedacao-do-comando","7":"product_cat-vedacoes","9":"first","10":"instock","11":"shipping-taxable","12":"product-type-simple"},"acf":[],"aioseo_notices":[],"_links":{"self":[{"href":"https:\/\/casadaescavadeira.com.br\/pt\/wp-json\/wp\/v2\/product\/14192","targetHints":{"allow":["GET"]}}],"collection":[{"href":"https:\/\/casadaescavadeira.com.br\/pt\/wp-json\/wp\/v2\/product"}],"about":[{"href":"https:\/\/casadaescavadeira.com.br\/pt\/wp-json\/wp\/v2\/types\/product"}],"replies":[{"embeddable":true,"href":"https:\/\/casadaescavadeira.com.br\/pt\/wp-json\/wp\/v2\/comments?post=14192"}],"wp:featuredmedia":[{"embeddable":true,"href":"https:\/\/casadaescavadeira.com.br\/pt\/wp-json\/wp\/v2\/media\/16201"}],"wp:attachment":[{"href":"https:\/\/casadaescavadeira.com.br\/pt\/wp-json\/wp\/v2\/media?parent=14192"}],"wp:term":[{"taxonomy":"product_brand","embeddable":true,"href":"https:\/\/casadaescavadeira.com.br\/pt\/wp-json\/wp\/v2\/product_brand?post=14192"},{"taxonomy":"product_cat","embeddable":true,"href":"https:\/\/casadaescavadeira.com.br\/pt\/wp-json\/wp\/v2\/product_cat?post=14192"},{"taxonomy":"product_tag","embeddable":true,"href":"https:\/\/casadaescavadeira.com.br\/pt\/wp-json\/wp\/v2\/product_tag?post=14192"}],"curies":[{"name":"wp","href":"https:\/\/api.w.org\/{rel}","templated":true}]}}