{"id":14176,"date":"2021-02-01T11:21:17","date_gmt":"2021-02-01T14:21:17","guid":{"rendered":"https:\/\/casadaescavadeira.com.br\/?post_type=product&#038;p=14176"},"modified":"2023-11-01T17:08:44","modified_gmt":"2023-11-01T20:08:44","slug":"voe14589132-concha-ec210b-bl-80x120mm","status":"publish","type":"product","link":"https:\/\/casadaescavadeira.com.br\/pt\/produto\/voe14589132-concha-ec210b-bl-80x120mm\/","title":{"rendered":"KIT DE VEDA\u00c7\u00c3O DO CILINDRO DA CONCHA EC210B\/EC210BL"},"content":{"rendered":"<p>Kit de veda\u00e7\u00e3o composto por diversos itens de pl\u00e1stico, borracha e seus derivados condicionados em pequenas embalagens pl\u00e1sticas. S\u00e3o aplicados em cilindros hidr\u00e1ulicos da concha das escavadeiras hidr\u00e1ulicas da marca e modelo volvo EC210 &amp; EC210BLC.<\/p>","protected":false},"excerpt":{"rendered":"<p>Kit de veda\u00e7\u00e3o composto por diversos itens de pl\u00e1stico, borracha e seus derivados condicionados em pequenas embalagens pl\u00e1sticas. S\u00e3o aplicados em cilindros hidr\u00e1ulicos da concha das escavadeiras hidr\u00e1ulicas da marca e modelo volvo EC210 &amp; EC210BLC.<\/p>","protected":false},"featured_media":17148,"comment_status":"closed","ping_status":"closed","template":"","meta":{"_acf_changed":false,"om_disable_all_campaigns":false,"_monsterinsights_skip_tracking":false,"_monsterinsights_sitenote_active":false,"_monsterinsights_sitenote_note":"","_monsterinsights_sitenote_category":0,"_uf_show_specific_survey":0,"_uf_disable_surveys":false},"product_brand":[],"product_cat":[1061,82],"product_tag":[903,1690],"class_list":{"0":"post-14176","1":"product","2":"type-product","3":"status-publish","4":"has-post-thumbnail","6":"product_cat-vedacao-do-cilindro","7":"product_cat-vedacoes","8":"product_tag-voe-14515053","9":"product_tag-voe14515053","11":"first","12":"instock","13":"shipping-taxable","14":"product-type-simple"},"acf":[],"aioseo_notices":[],"_links":{"self":[{"href":"https:\/\/casadaescavadeira.com.br\/pt\/wp-json\/wp\/v2\/product\/14176","targetHints":{"allow":["GET"]}}],"collection":[{"href":"https:\/\/casadaescavadeira.com.br\/pt\/wp-json\/wp\/v2\/product"}],"about":[{"href":"https:\/\/casadaescavadeira.com.br\/pt\/wp-json\/wp\/v2\/types\/product"}],"replies":[{"embeddable":true,"href":"https:\/\/casadaescavadeira.com.br\/pt\/wp-json\/wp\/v2\/comments?post=14176"}],"wp:featuredmedia":[{"embeddable":true,"href":"https:\/\/casadaescavadeira.com.br\/pt\/wp-json\/wp\/v2\/media\/17148"}],"wp:attachment":[{"href":"https:\/\/casadaescavadeira.com.br\/pt\/wp-json\/wp\/v2\/media?parent=14176"}],"wp:term":[{"taxonomy":"product_brand","embeddable":true,"href":"https:\/\/casadaescavadeira.com.br\/pt\/wp-json\/wp\/v2\/product_brand?post=14176"},{"taxonomy":"product_cat","embeddable":true,"href":"https:\/\/casadaescavadeira.com.br\/pt\/wp-json\/wp\/v2\/product_cat?post=14176"},{"taxonomy":"product_tag","embeddable":true,"href":"https:\/\/casadaescavadeira.com.br\/pt\/wp-json\/wp\/v2\/product_tag?post=14176"}],"curies":[{"name":"wp","href":"https:\/\/api.w.org\/{rel}","templated":true}]}}