{"id":14125,"date":"2021-01-19T12:02:51","date_gmt":"2021-01-19T15:02:51","guid":{"rendered":"https:\/\/casadaescavadeira.com.br\/?post_type=product&#038;p=14125"},"modified":"2023-10-27T17:11:41","modified_gmt":"2023-10-27T20:11:41","slug":"regulador-de-bomba-hidraulica-f5v80-dtp","status":"publish","type":"product","link":"https:\/\/casadaescavadeira.com.br\/pt\/produto\/regulador-de-bomba-hidraulica-f5v80-dtp\/","title":{"rendered":"REGULADOR DA BOMBA F5V80-9N61"},"content":{"rendered":"<p>Regulador da bomba modelo 9N61 F5V80 s\u00e3o componentes para a\u00e7o carbono exclusivo para bombas hidr\u00e1ulicas volum\u00e9tricas rotativas modelo F5V80 ou equivalentes.<\/p>","protected":false},"excerpt":{"rendered":"<p>Regulador da bomba modelo 9N61 F5V80 s\u00e3o componentes para a\u00e7o carbono exclusivo para bombas hidr\u00e1ulicas volum\u00e9tricas rotativas modelo F5V80 ou equivalentes.<\/p>","protected":false},"featured_media":16201,"comment_status":"closed","ping_status":"closed","template":"","meta":{"_acf_changed":false,"om_disable_all_campaigns":false,"_monsterinsights_skip_tracking":false,"_monsterinsights_sitenote_active":false,"_monsterinsights_sitenote_note":"","_monsterinsights_sitenote_category":0,"_uf_show_specific_survey":0,"_uf_disable_surveys":false},"product_brand":[],"product_cat":[71,38,39],"product_tag":[635],"class_list":{"0":"post-14125","1":"product","2":"type-product","3":"status-publish","4":"has-post-thumbnail","6":"product_cat-k5v-series-kawasaki-pecas","7":"product_cat-partes-e-pecas","8":"product_cat-bomba-hidraulica-pecas","9":"product_tag-yn35v00049f1","11":"first","12":"instock","13":"shipping-taxable","14":"product-type-simple"},"acf":[],"aioseo_notices":[],"_links":{"self":[{"href":"https:\/\/casadaescavadeira.com.br\/pt\/wp-json\/wp\/v2\/product\/14125","targetHints":{"allow":["GET"]}}],"collection":[{"href":"https:\/\/casadaescavadeira.com.br\/pt\/wp-json\/wp\/v2\/product"}],"about":[{"href":"https:\/\/casadaescavadeira.com.br\/pt\/wp-json\/wp\/v2\/types\/product"}],"replies":[{"embeddable":true,"href":"https:\/\/casadaescavadeira.com.br\/pt\/wp-json\/wp\/v2\/comments?post=14125"}],"wp:featuredmedia":[{"embeddable":true,"href":"https:\/\/casadaescavadeira.com.br\/pt\/wp-json\/wp\/v2\/media\/16201"}],"wp:attachment":[{"href":"https:\/\/casadaescavadeira.com.br\/pt\/wp-json\/wp\/v2\/media?parent=14125"}],"wp:term":[{"taxonomy":"product_brand","embeddable":true,"href":"https:\/\/casadaescavadeira.com.br\/pt\/wp-json\/wp\/v2\/product_brand?post=14125"},{"taxonomy":"product_cat","embeddable":true,"href":"https:\/\/casadaescavadeira.com.br\/pt\/wp-json\/wp\/v2\/product_cat?post=14125"},{"taxonomy":"product_tag","embeddable":true,"href":"https:\/\/casadaescavadeira.com.br\/pt\/wp-json\/wp\/v2\/product_tag?post=14125"}],"curies":[{"name":"wp","href":"https:\/\/api.w.org\/{rel}","templated":true}]}}