{"id":14112,"date":"2021-01-18T09:52:54","date_gmt":"2021-01-18T12:52:54","guid":{"rendered":"https:\/\/casadaescavadeira.com.br\/?post_type=product&#038;p=14112"},"modified":"2023-10-24T12:35:44","modified_gmt":"2023-10-24T15:35:44","slug":"berco-hpv95-komatsu-pc200-6-pc200-8","status":"publish","type":"product","link":"https:\/\/casadaescavadeira.com.br\/pt\/produto\/berco-hpv95-komatsu-pc200-6-pc200-8\/","title":{"rendered":"BER\u00c7O HPV95 KOMATSU PC200-8"},"content":{"rendered":"<p>Ber\u00e7o bombas hidr\u00e1ulicas do modelo HPV95 aplicadas em escavadeiras hidr\u00e1ulicas da marca Komatsu PC120, PC200 e similares. (L=154,00MM)<\/p>","protected":false},"excerpt":{"rendered":"<p>Ber\u00e7o bombas hidr\u00e1ulicas do modelo HPV95 aplicadas em escavadeiras hidr\u00e1ulicas da marca Komatsu PC120, PC200 e similares.<\/p>","protected":false},"featured_media":17060,"comment_status":"closed","ping_status":"closed","template":"","meta":{"_acf_changed":false,"om_disable_all_campaigns":false,"_monsterinsights_skip_tracking":false,"_monsterinsights_sitenote_active":false,"_monsterinsights_sitenote_note":"","_monsterinsights_sitenote_category":0,"_uf_show_specific_survey":0,"_uf_disable_surveys":false},"product_brand":[],"product_cat":[1179,38,39],"product_tag":[1570],"class_list":{"0":"post-14112","1":"product","2":"type-product","3":"status-publish","4":"has-post-thumbnail","6":"product_cat-hpv-series-hitachi-bomba-hidraulica-pecas","7":"product_cat-partes-e-pecas","8":"product_cat-bomba-hidraulica-pecas","9":"product_tag-708-2l-06630","11":"first","12":"instock","13":"shipping-taxable","14":"product-type-simple"},"acf":[],"aioseo_notices":[],"_links":{"self":[{"href":"https:\/\/casadaescavadeira.com.br\/pt\/wp-json\/wp\/v2\/product\/14112","targetHints":{"allow":["GET"]}}],"collection":[{"href":"https:\/\/casadaescavadeira.com.br\/pt\/wp-json\/wp\/v2\/product"}],"about":[{"href":"https:\/\/casadaescavadeira.com.br\/pt\/wp-json\/wp\/v2\/types\/product"}],"replies":[{"embeddable":true,"href":"https:\/\/casadaescavadeira.com.br\/pt\/wp-json\/wp\/v2\/comments?post=14112"}],"wp:featuredmedia":[{"embeddable":true,"href":"https:\/\/casadaescavadeira.com.br\/pt\/wp-json\/wp\/v2\/media\/17060"}],"wp:attachment":[{"href":"https:\/\/casadaescavadeira.com.br\/pt\/wp-json\/wp\/v2\/media?parent=14112"}],"wp:term":[{"taxonomy":"product_brand","embeddable":true,"href":"https:\/\/casadaescavadeira.com.br\/pt\/wp-json\/wp\/v2\/product_brand?post=14112"},{"taxonomy":"product_cat","embeddable":true,"href":"https:\/\/casadaescavadeira.com.br\/pt\/wp-json\/wp\/v2\/product_cat?post=14112"},{"taxonomy":"product_tag","embeddable":true,"href":"https:\/\/casadaescavadeira.com.br\/pt\/wp-json\/wp\/v2\/product_tag?post=14112"}],"curies":[{"name":"wp","href":"https:\/\/api.w.org\/{rel}","templated":true}]}}