{"id":14106,"date":"2021-01-18T09:26:24","date_gmt":"2021-01-18T12:26:24","guid":{"rendered":"https:\/\/casadaescavadeira.com.br\/?post_type=product&#038;p=14106"},"modified":"2023-11-10T14:36:08","modified_gmt":"2023-11-10T17:36:08","slug":"placa-valvula-rh-hpv95-komatsu-pc200-6","status":"publish","type":"product","link":"https:\/\/casadaescavadeira.com.br\/pt\/produto\/placa-valvula-rh-hpv95-komatsu-pc200-6\/","title":{"rendered":"PLACA DE V\u00c1LVULA RH HPV95 KOMATSU PC200-6"},"content":{"rendered":"<p>Placa V\u00e1lvula RH (direita) s\u00e3o partes de a\u00e7o carbono temperadas aplicadas em bombas hidr\u00e1ulicas volum\u00e9tricas rotativas do modelo HPV95 aplicadas em escavadeiras da marca Komatsu PC200-6 ou equivalentes.<\/p>","protected":false},"excerpt":{"rendered":"<p>VALVE PLATE RH HPVP5 KOMATSU PC200-6<\/p>","protected":false},"featured_media":0,"comment_status":"closed","ping_status":"closed","template":"","meta":{"_acf_changed":false,"om_disable_all_campaigns":false,"_monsterinsights_skip_tracking":false,"_monsterinsights_sitenote_active":false,"_monsterinsights_sitenote_note":"","_monsterinsights_sitenote_category":0,"_uf_show_specific_survey":0,"_uf_disable_surveys":false},"product_brand":[],"product_cat":[38],"product_tag":[],"class_list":{"0":"post-14106","1":"product","2":"type-product","3":"status-publish","5":"product_cat-partes-e-pecas","7":"first","8":"instock","9":"shipping-taxable","10":"product-type-simple"},"acf":[],"aioseo_notices":[],"_links":{"self":[{"href":"https:\/\/casadaescavadeira.com.br\/pt\/wp-json\/wp\/v2\/product\/14106","targetHints":{"allow":["GET"]}}],"collection":[{"href":"https:\/\/casadaescavadeira.com.br\/pt\/wp-json\/wp\/v2\/product"}],"about":[{"href":"https:\/\/casadaescavadeira.com.br\/pt\/wp-json\/wp\/v2\/types\/product"}],"replies":[{"embeddable":true,"href":"https:\/\/casadaescavadeira.com.br\/pt\/wp-json\/wp\/v2\/comments?post=14106"}],"wp:attachment":[{"href":"https:\/\/casadaescavadeira.com.br\/pt\/wp-json\/wp\/v2\/media?parent=14106"}],"wp:term":[{"taxonomy":"product_brand","embeddable":true,"href":"https:\/\/casadaescavadeira.com.br\/pt\/wp-json\/wp\/v2\/product_brand?post=14106"},{"taxonomy":"product_cat","embeddable":true,"href":"https:\/\/casadaescavadeira.com.br\/pt\/wp-json\/wp\/v2\/product_cat?post=14106"},{"taxonomy":"product_tag","embeddable":true,"href":"https:\/\/casadaescavadeira.com.br\/pt\/wp-json\/wp\/v2\/product_tag?post=14106"}],"curies":[{"name":"wp","href":"https:\/\/api.w.org\/{rel}","templated":true}]}}