{"id":14102,"date":"2021-01-18T08:59:39","date_gmt":"2021-01-18T11:59:39","guid":{"rendered":"https:\/\/casadaescavadeira.com.br\/?post_type=product&#038;p=14102"},"modified":"2023-10-25T11:08:22","modified_gmt":"2023-10-25T14:08:22","slug":"pistoes-hpv95-komatsu-pc200-6-pc200-8","status":"publish","type":"product","link":"https:\/\/casadaescavadeira.com.br\/pt\/produto\/pistoes-hpv95-komatsu-pc200-6-pc200-8\/","title":{"rendered":"CONJUNTO DE 9 PIST\u00d5ES HPV95\/HMV110"},"content":{"rendered":"<p>Pist\u00f5es s\u00e3o partes de a\u00e7o carbono e bronze exclusivas para bombas hidr\u00e1ulicas volum\u00e9tricas rotativas do modelo HPV95 ou equivalentes<\/p>","protected":false},"excerpt":{"rendered":"<p>Pist\u00f5es s\u00e3o partes de a\u00e7o carbono e bronze exclusivas para bombas hidr\u00e1ulicas volum\u00e9tricas rotativas do modelo HPV95 ou equivalentes<\/p>","protected":false},"featured_media":16201,"comment_status":"closed","ping_status":"closed","template":"","meta":{"_acf_changed":false,"om_disable_all_campaigns":false,"_monsterinsights_skip_tracking":false,"_monsterinsights_sitenote_active":false,"_monsterinsights_sitenote_note":"","_monsterinsights_sitenote_category":0,"_uf_show_specific_survey":0,"_uf_disable_surveys":false},"product_brand":[],"product_cat":[38],"product_tag":[1652,1651],"class_list":{"0":"post-14102","1":"product","2":"type-product","3":"status-publish","4":"has-post-thumbnail","6":"product_cat-partes-e-pecas","7":"product_tag-708-2l-23313","8":"product_tag-708-2l-33310","10":"first","11":"instock","12":"shipping-taxable","13":"product-type-simple"},"acf":[],"aioseo_notices":[],"_links":{"self":[{"href":"https:\/\/casadaescavadeira.com.br\/pt\/wp-json\/wp\/v2\/product\/14102","targetHints":{"allow":["GET"]}}],"collection":[{"href":"https:\/\/casadaescavadeira.com.br\/pt\/wp-json\/wp\/v2\/product"}],"about":[{"href":"https:\/\/casadaescavadeira.com.br\/pt\/wp-json\/wp\/v2\/types\/product"}],"replies":[{"embeddable":true,"href":"https:\/\/casadaescavadeira.com.br\/pt\/wp-json\/wp\/v2\/comments?post=14102"}],"wp:featuredmedia":[{"embeddable":true,"href":"https:\/\/casadaescavadeira.com.br\/pt\/wp-json\/wp\/v2\/media\/16201"}],"wp:attachment":[{"href":"https:\/\/casadaescavadeira.com.br\/pt\/wp-json\/wp\/v2\/media?parent=14102"}],"wp:term":[{"taxonomy":"product_brand","embeddable":true,"href":"https:\/\/casadaescavadeira.com.br\/pt\/wp-json\/wp\/v2\/product_brand?post=14102"},{"taxonomy":"product_cat","embeddable":true,"href":"https:\/\/casadaescavadeira.com.br\/pt\/wp-json\/wp\/v2\/product_cat?post=14102"},{"taxonomy":"product_tag","embeddable":true,"href":"https:\/\/casadaescavadeira.com.br\/pt\/wp-json\/wp\/v2\/product_tag?post=14102"}],"curies":[{"name":"wp","href":"https:\/\/api.w.org\/{rel}","templated":true}]}}