{"id":14101,"date":"2021-01-18T08:57:05","date_gmt":"2021-01-18T11:57:05","guid":{"rendered":"https:\/\/casadaescavadeira.com.br\/?post_type=product&#038;p=14101"},"modified":"2023-10-25T15:17:09","modified_gmt":"2023-10-25T18:17:09","slug":"pino-de-pressao-hpv95-komatsu-pc200-6-pc200-8","status":"publish","type":"product","link":"https:\/\/casadaescavadeira.com.br\/pt\/produto\/pino-de-pressao-hpv95-komatsu-pc200-6-pc200-8\/","title":{"rendered":"CONJUNTO DE 3 PINOS DE PRESS\u00c3O HPV95"},"content":{"rendered":"<p>Pino de press\u00e3o s\u00e3o partes de a\u00e7o carbono temperadas exclusivas para fam\u00edlia de bombas HPV ou equivalentes.<\/p>","protected":false},"excerpt":{"rendered":"<p>Pino de press\u00e3o s\u00e3o partes de a\u00e7o carbono temperadas exclusivas para fam\u00edlia de bombas HPV ou equivalentes.<\/p>","protected":false},"featured_media":16201,"comment_status":"closed","ping_status":"closed","template":"","meta":{"_acf_changed":false,"om_disable_all_campaigns":false,"_monsterinsights_skip_tracking":false,"_monsterinsights_sitenote_active":false,"_monsterinsights_sitenote_note":"","_monsterinsights_sitenote_category":0,"_uf_show_specific_survey":0,"_uf_disable_surveys":false},"product_brand":[],"product_cat":[1179,38,39],"product_tag":[1653],"class_list":{"0":"post-14101","1":"product","2":"type-product","3":"status-publish","4":"has-post-thumbnail","6":"product_cat-hpv-series-hitachi-bomba-hidraulica-pecas","7":"product_cat-partes-e-pecas","8":"product_cat-bomba-hidraulica-pecas","9":"product_tag-708-2l-23360","11":"first","12":"instock","13":"shipping-taxable","14":"product-type-simple"},"acf":[],"aioseo_notices":[],"_links":{"self":[{"href":"https:\/\/casadaescavadeira.com.br\/pt\/wp-json\/wp\/v2\/product\/14101","targetHints":{"allow":["GET"]}}],"collection":[{"href":"https:\/\/casadaescavadeira.com.br\/pt\/wp-json\/wp\/v2\/product"}],"about":[{"href":"https:\/\/casadaescavadeira.com.br\/pt\/wp-json\/wp\/v2\/types\/product"}],"replies":[{"embeddable":true,"href":"https:\/\/casadaescavadeira.com.br\/pt\/wp-json\/wp\/v2\/comments?post=14101"}],"wp:featuredmedia":[{"embeddable":true,"href":"https:\/\/casadaescavadeira.com.br\/pt\/wp-json\/wp\/v2\/media\/16201"}],"wp:attachment":[{"href":"https:\/\/casadaescavadeira.com.br\/pt\/wp-json\/wp\/v2\/media?parent=14101"}],"wp:term":[{"taxonomy":"product_brand","embeddable":true,"href":"https:\/\/casadaescavadeira.com.br\/pt\/wp-json\/wp\/v2\/product_brand?post=14101"},{"taxonomy":"product_cat","embeddable":true,"href":"https:\/\/casadaescavadeira.com.br\/pt\/wp-json\/wp\/v2\/product_cat?post=14101"},{"taxonomy":"product_tag","embeddable":true,"href":"https:\/\/casadaescavadeira.com.br\/pt\/wp-json\/wp\/v2\/product_tag?post=14101"}],"curies":[{"name":"wp","href":"https:\/\/api.w.org\/{rel}","templated":true}]}}