{"id":14097,"date":"2021-01-18T08:28:12","date_gmt":"2021-01-18T11:28:12","guid":{"rendered":"https:\/\/casadaescavadeira.com.br\/?post_type=product&#038;p=14097"},"modified":"2023-10-25T16:12:56","modified_gmt":"2023-10-25T19:12:56","slug":"roda-motriz-para-e215-cx220-para-redutor-tm40","status":"publish","type":"product","link":"https:\/\/casadaescavadeira.com.br\/pt\/produto\/roda-motriz-para-e215-cx220-para-redutor-tm40\/","title":{"rendered":"RODA MOTRIZ JMV147 E FTM40"},"content":{"rendered":"<p>Roda motriz ou rodas dentadas s\u00e3o pe\u00e7as de a\u00e7o carbono temperadas usadas em conjunto com os motoredutores hidr\u00e1ulicos em m\u00e1quinas de movimento terra, do tipo escavadeiras, respons\u00e1veis por transferir o torque do redutor as esteiras das escavadeiras hidr\u00e1ulicas as quais fazem o deslocamento do ve\u00edculo.<\/p>","protected":false},"excerpt":{"rendered":"<p>Roda motriz ou rodas dentadas s\u00e3o pe\u00e7as de a\u00e7o carbono temperadas usadas em conjunto com os motoredutores hidr\u00e1ulicos em m\u00e1quinas de movimento terra, do tipo escavadeiras, respons\u00e1veis por transferir o torque do redutor as esteiras das escavadeiras hidr\u00e1ulicas as quais fazem o deslocamento do ve\u00edculo.<\/p>","protected":false},"featured_media":16201,"comment_status":"closed","ping_status":"closed","template":"","meta":{"_acf_changed":false,"om_disable_all_campaigns":false,"_monsterinsights_skip_tracking":false,"_monsterinsights_sitenote_active":false,"_monsterinsights_sitenote_note":"","_monsterinsights_sitenote_category":0,"_uf_show_specific_survey":0,"_uf_disable_surveys":false},"product_brand":[],"product_cat":[1189,38,1162,1187],"product_tag":[],"class_list":{"0":"post-14097","1":"product","2":"type-product","3":"status-publish","4":"has-post-thumbnail","6":"product_cat-jmv-series-hyundai","7":"product_cat-partes-e-pecas","8":"product_cat-pecas-motoredutores-hidraulicos-translacao","9":"product_cat-tm-series-doosan","11":"first","12":"instock","13":"shipping-taxable","14":"product-type-simple"},"acf":[],"aioseo_notices":[],"_links":{"self":[{"href":"https:\/\/casadaescavadeira.com.br\/pt\/wp-json\/wp\/v2\/product\/14097","targetHints":{"allow":["GET"]}}],"collection":[{"href":"https:\/\/casadaescavadeira.com.br\/pt\/wp-json\/wp\/v2\/product"}],"about":[{"href":"https:\/\/casadaescavadeira.com.br\/pt\/wp-json\/wp\/v2\/types\/product"}],"replies":[{"embeddable":true,"href":"https:\/\/casadaescavadeira.com.br\/pt\/wp-json\/wp\/v2\/comments?post=14097"}],"wp:featuredmedia":[{"embeddable":true,"href":"https:\/\/casadaescavadeira.com.br\/pt\/wp-json\/wp\/v2\/media\/16201"}],"wp:attachment":[{"href":"https:\/\/casadaescavadeira.com.br\/pt\/wp-json\/wp\/v2\/media?parent=14097"}],"wp:term":[{"taxonomy":"product_brand","embeddable":true,"href":"https:\/\/casadaescavadeira.com.br\/pt\/wp-json\/wp\/v2\/product_brand?post=14097"},{"taxonomy":"product_cat","embeddable":true,"href":"https:\/\/casadaescavadeira.com.br\/pt\/wp-json\/wp\/v2\/product_cat?post=14097"},{"taxonomy":"product_tag","embeddable":true,"href":"https:\/\/casadaescavadeira.com.br\/pt\/wp-json\/wp\/v2\/product_tag?post=14097"}],"curies":[{"name":"wp","href":"https:\/\/api.w.org\/{rel}","templated":true}]}}