{"id":14080,"date":"2021-01-15T12:01:34","date_gmt":"2021-01-15T15:01:34","guid":{"rendered":"https:\/\/casadaescavadeira.com.br\/?post_type=product&#038;p=14080"},"modified":"2023-10-21T11:15:35","modified_gmt":"2023-10-21T14:15:35","slug":"mola-do-rotor-mag170","status":"publish","type":"product","link":"https:\/\/casadaescavadeira.com.br\/pt\/produto\/mola-do-rotor-mag170\/","title":{"rendered":"MOLA DO ROTOR MAG170"},"content":{"rendered":"<p>Molas cil\u00edndricas helicoidais de a\u00e7o para uso em motores hidr\u00e1ulicos MAG170 ou equivalentes<\/p>","protected":false},"excerpt":{"rendered":"<p>Molas cil\u00edndricas helicoidais de a\u00e7o para uso em motores hidr\u00e1ulicos MAG170 ou equivalentes<\/p>","protected":false},"featured_media":17023,"comment_status":"closed","ping_status":"closed","template":"","meta":{"_acf_changed":false,"om_disable_all_campaigns":false,"_monsterinsights_skip_tracking":false,"_monsterinsights_sitenote_active":false,"_monsterinsights_sitenote_note":"","_monsterinsights_sitenote_category":0,"_uf_show_specific_survey":0,"_uf_disable_surveys":false},"product_brand":[],"product_cat":[1186,38,1162],"product_tag":[],"class_list":{"0":"post-14080","1":"product","2":"type-product","3":"status-publish","4":"has-post-thumbnail","6":"product_cat-mag-series-bonfiglioli","7":"product_cat-partes-e-pecas","8":"product_cat-pecas-motoredutores-hidraulicos-translacao","10":"first","11":"instock","12":"shipping-taxable","13":"product-type-simple"},"acf":[],"aioseo_notices":[],"_links":{"self":[{"href":"https:\/\/casadaescavadeira.com.br\/pt\/wp-json\/wp\/v2\/product\/14080","targetHints":{"allow":["GET"]}}],"collection":[{"href":"https:\/\/casadaescavadeira.com.br\/pt\/wp-json\/wp\/v2\/product"}],"about":[{"href":"https:\/\/casadaescavadeira.com.br\/pt\/wp-json\/wp\/v2\/types\/product"}],"replies":[{"embeddable":true,"href":"https:\/\/casadaescavadeira.com.br\/pt\/wp-json\/wp\/v2\/comments?post=14080"}],"wp:featuredmedia":[{"embeddable":true,"href":"https:\/\/casadaescavadeira.com.br\/pt\/wp-json\/wp\/v2\/media\/17023"}],"wp:attachment":[{"href":"https:\/\/casadaescavadeira.com.br\/pt\/wp-json\/wp\/v2\/media?parent=14080"}],"wp:term":[{"taxonomy":"product_brand","embeddable":true,"href":"https:\/\/casadaescavadeira.com.br\/pt\/wp-json\/wp\/v2\/product_brand?post=14080"},{"taxonomy":"product_cat","embeddable":true,"href":"https:\/\/casadaescavadeira.com.br\/pt\/wp-json\/wp\/v2\/product_cat?post=14080"},{"taxonomy":"product_tag","embeddable":true,"href":"https:\/\/casadaescavadeira.com.br\/pt\/wp-json\/wp\/v2\/product_tag?post=14080"}],"curies":[{"name":"wp","href":"https:\/\/api.w.org\/{rel}","templated":true}]}}