{"id":13995,"date":"2021-01-14T09:05:13","date_gmt":"2021-01-14T12:05:13","guid":{"rendered":"https:\/\/casadaescavadeira.com.br\/?post_type=product&#038;p=13995"},"modified":"2023-10-21T08:55:14","modified_gmt":"2023-10-21T11:55:14","slug":"pistoes-com-aneis-a8vo107","status":"publish","type":"product","link":"https:\/\/casadaescavadeira.com.br\/pt\/produto\/pistoes-com-aneis-a8vo107\/","title":{"rendered":"CONJUNTO DE 7 PIST\u00d5ES COM AN\u00c9IS A8VO107"},"content":{"rendered":"<p>Pist\u00f5es s\u00e3o partes de a\u00e7o carbono e bronze exclusivas para bombas hidr\u00e1ulicas volum\u00e9tricas rotativas do modelo A8VO107 ou equivalentes<\/p>","protected":false},"excerpt":{"rendered":"<p>Pist\u00f5es s\u00e3o partes de a\u00e7o carbono e bronze exclusivas para bombas hidr\u00e1ulicas volum\u00e9tricas rotativas do modelo A8VO107 ou equivalentes<\/p>","protected":false},"featured_media":16979,"comment_status":"closed","ping_status":"closed","template":"","meta":{"_acf_changed":false,"om_disable_all_campaigns":false,"_monsterinsights_skip_tracking":false,"_monsterinsights_sitenote_active":false,"_monsterinsights_sitenote_note":"","_monsterinsights_sitenote_category":0,"_uf_show_specific_survey":0,"_uf_disable_surveys":false},"product_brand":[],"product_cat":[1178,38,39],"product_tag":[],"class_list":{"0":"post-13995","1":"product","2":"type-product","3":"status-publish","4":"has-post-thumbnail","6":"product_cat-a8vo-series-rexroth-bomba-hidraulica-pecas","7":"product_cat-partes-e-pecas","8":"product_cat-bomba-hidraulica-pecas","10":"first","11":"instock","12":"shipping-taxable","13":"product-type-simple"},"acf":[],"aioseo_notices":[],"_links":{"self":[{"href":"https:\/\/casadaescavadeira.com.br\/pt\/wp-json\/wp\/v2\/product\/13995","targetHints":{"allow":["GET"]}}],"collection":[{"href":"https:\/\/casadaescavadeira.com.br\/pt\/wp-json\/wp\/v2\/product"}],"about":[{"href":"https:\/\/casadaescavadeira.com.br\/pt\/wp-json\/wp\/v2\/types\/product"}],"replies":[{"embeddable":true,"href":"https:\/\/casadaescavadeira.com.br\/pt\/wp-json\/wp\/v2\/comments?post=13995"}],"wp:featuredmedia":[{"embeddable":true,"href":"https:\/\/casadaescavadeira.com.br\/pt\/wp-json\/wp\/v2\/media\/16979"}],"wp:attachment":[{"href":"https:\/\/casadaescavadeira.com.br\/pt\/wp-json\/wp\/v2\/media?parent=13995"}],"wp:term":[{"taxonomy":"product_brand","embeddable":true,"href":"https:\/\/casadaescavadeira.com.br\/pt\/wp-json\/wp\/v2\/product_brand?post=13995"},{"taxonomy":"product_cat","embeddable":true,"href":"https:\/\/casadaescavadeira.com.br\/pt\/wp-json\/wp\/v2\/product_cat?post=13995"},{"taxonomy":"product_tag","embeddable":true,"href":"https:\/\/casadaescavadeira.com.br\/pt\/wp-json\/wp\/v2\/product_tag?post=13995"}],"curies":[{"name":"wp","href":"https:\/\/api.w.org\/{rel}","templated":true}]}}