{"id":13974,"date":"2021-01-13T13:48:33","date_gmt":"2021-01-13T16:48:33","guid":{"rendered":"https:\/\/casadaescavadeira.com.br\/?post_type=product&#038;p=13974"},"modified":"2023-10-14T10:37:17","modified_gmt":"2023-10-14T13:37:17","slug":"regulador-f3v180-9c79","status":"publish","type":"product","link":"https:\/\/casadaescavadeira.com.br\/pt\/produto\/regulador-f3v180-9c79\/","title":{"rendered":"REGULADOR F3V180DT\/DTP 9C79 (S\/ BLOCO EPPR)"},"content":{"rendered":"<p>Regulador s\u00e3o componentes para a\u00e7o carbono exclusivo para bombas hidr\u00e1ulicas volum\u00e9tricas rotativas modelo F3V180 ou equivalentes<\/p>","protected":false},"excerpt":{"rendered":"<p>Regulador s\u00e3o componentes para a\u00e7o carbono exclusivo para bombas hidr\u00e1ulicas volum\u00e9tricas rotativas modelo F3V180 ou equivalentes<\/p>","protected":false},"featured_media":16201,"comment_status":"closed","ping_status":"closed","template":"","meta":{"_acf_changed":false,"om_disable_all_campaigns":false,"_monsterinsights_skip_tracking":false,"_monsterinsights_sitenote_active":false,"_monsterinsights_sitenote_note":"","_monsterinsights_sitenote_category":0,"_uf_show_specific_survey":0,"_uf_disable_surveys":false},"product_brand":[],"product_cat":[78,38,39],"product_tag":[],"class_list":{"0":"post-13974","1":"product","2":"type-product","3":"status-publish","4":"has-post-thumbnail","6":"product_cat-k3v-series-kawasaki","7":"product_cat-partes-e-pecas","8":"product_cat-bomba-hidraulica-pecas","10":"first","11":"instock","12":"shipping-taxable","13":"product-type-simple"},"acf":[],"aioseo_notices":[],"_links":{"self":[{"href":"https:\/\/casadaescavadeira.com.br\/pt\/wp-json\/wp\/v2\/product\/13974","targetHints":{"allow":["GET"]}}],"collection":[{"href":"https:\/\/casadaescavadeira.com.br\/pt\/wp-json\/wp\/v2\/product"}],"about":[{"href":"https:\/\/casadaescavadeira.com.br\/pt\/wp-json\/wp\/v2\/types\/product"}],"replies":[{"embeddable":true,"href":"https:\/\/casadaescavadeira.com.br\/pt\/wp-json\/wp\/v2\/comments?post=13974"}],"wp:featuredmedia":[{"embeddable":true,"href":"https:\/\/casadaescavadeira.com.br\/pt\/wp-json\/wp\/v2\/media\/16201"}],"wp:attachment":[{"href":"https:\/\/casadaescavadeira.com.br\/pt\/wp-json\/wp\/v2\/media?parent=13974"}],"wp:term":[{"taxonomy":"product_brand","embeddable":true,"href":"https:\/\/casadaescavadeira.com.br\/pt\/wp-json\/wp\/v2\/product_brand?post=13974"},{"taxonomy":"product_cat","embeddable":true,"href":"https:\/\/casadaescavadeira.com.br\/pt\/wp-json\/wp\/v2\/product_cat?post=13974"},{"taxonomy":"product_tag","embeddable":true,"href":"https:\/\/casadaescavadeira.com.br\/pt\/wp-json\/wp\/v2\/product_tag?post=13974"}],"curies":[{"name":"wp","href":"https:\/\/api.w.org\/{rel}","templated":true}]}}