{"id":13965,"date":"2021-01-13T11:46:03","date_gmt":"2021-01-13T14:46:03","guid":{"rendered":"https:\/\/casadaescavadeira.com.br\/?post_type=product&#038;p=13965"},"modified":"2023-10-21T08:25:46","modified_gmt":"2023-10-21T11:25:46","slug":"regulador-f3v112dtdx225-fr3g-hnov-doosan","status":"publish","type":"product","link":"https:\/\/casadaescavadeira.com.br\/pt\/produto\/regulador-f3v112dtdx225-fr3g-hnov-doosan\/","title":{"rendered":"REGULADOR F3V112 FR3G HNOV"},"content":{"rendered":"<p>Regulador da bomba modelo HNOV DOOSAN DX225LCA s\u00e3o componentes de a\u00e7o carbono exclusivo para bombas hidr\u00e1ulicas volum\u00e9tricas rotativas modelo F3V112 ou equivalentes<\/p>","protected":false},"excerpt":{"rendered":"<p>Regulador da bomba modelo HNOV DOOSAN DX225LCA s\u00e3o componentes de a\u00e7o carbono exclusivo para bombas hidr\u00e1ulicas volum\u00e9tricas rotativas modelo F3V112 ou equivalentes<\/p>","protected":false},"featured_media":16974,"comment_status":"closed","ping_status":"closed","template":"","meta":{"_acf_changed":false,"om_disable_all_campaigns":false,"_monsterinsights_skip_tracking":false,"_monsterinsights_sitenote_active":false,"_monsterinsights_sitenote_note":"","_monsterinsights_sitenote_category":0,"_uf_show_specific_survey":0,"_uf_disable_surveys":false},"product_brand":[],"product_cat":[78,38,39],"product_tag":[],"class_list":{"0":"post-13965","1":"product","2":"type-product","3":"status-publish","4":"has-post-thumbnail","6":"product_cat-k3v-series-kawasaki","7":"product_cat-partes-e-pecas","8":"product_cat-bomba-hidraulica-pecas","10":"first","11":"instock","12":"shipping-taxable","13":"product-type-simple"},"acf":[],"aioseo_notices":[],"_links":{"self":[{"href":"https:\/\/casadaescavadeira.com.br\/pt\/wp-json\/wp\/v2\/product\/13965","targetHints":{"allow":["GET"]}}],"collection":[{"href":"https:\/\/casadaescavadeira.com.br\/pt\/wp-json\/wp\/v2\/product"}],"about":[{"href":"https:\/\/casadaescavadeira.com.br\/pt\/wp-json\/wp\/v2\/types\/product"}],"replies":[{"embeddable":true,"href":"https:\/\/casadaescavadeira.com.br\/pt\/wp-json\/wp\/v2\/comments?post=13965"}],"wp:featuredmedia":[{"embeddable":true,"href":"https:\/\/casadaescavadeira.com.br\/pt\/wp-json\/wp\/v2\/media\/16974"}],"wp:attachment":[{"href":"https:\/\/casadaescavadeira.com.br\/pt\/wp-json\/wp\/v2\/media?parent=13965"}],"wp:term":[{"taxonomy":"product_brand","embeddable":true,"href":"https:\/\/casadaescavadeira.com.br\/pt\/wp-json\/wp\/v2\/product_brand?post=13965"},{"taxonomy":"product_cat","embeddable":true,"href":"https:\/\/casadaescavadeira.com.br\/pt\/wp-json\/wp\/v2\/product_cat?post=13965"},{"taxonomy":"product_tag","embeddable":true,"href":"https:\/\/casadaescavadeira.com.br\/pt\/wp-json\/wp\/v2\/product_tag?post=13965"}],"curies":[{"name":"wp","href":"https:\/\/api.w.org\/{rel}","templated":true}]}}