{"id":13920,"date":"2021-01-12T14:30:04","date_gmt":"2021-01-12T17:30:04","guid":{"rendered":"https:\/\/casadaescavadeira.com.br\/?post_type=product&#038;p=13920"},"modified":"2023-10-14T08:59:40","modified_gmt":"2023-10-14T11:59:40","slug":"conj-de-tampa-e-berco-f3v180dt-f5v200dth","status":"publish","type":"product","link":"https:\/\/casadaescavadeira.com.br\/pt\/produto\/conj-de-tampa-e-berco-f3v180dt-f5v200dth\/","title":{"rendered":"CONJUNTO TAMPA E BER\u00c7O F3V180\/F5V200DTH"},"content":{"rendered":"<p>Tampa e balancim s\u00e3o partes de a\u00e7o carbono exclusivas para bombas hidr\u00e1ulicas volum\u00e9tricas rotativas modelo F3V180 ou equivalentes<\/p>","protected":false},"excerpt":{"rendered":"<p>Tampa e balancim s\u00e3o partes de a\u00e7o carbono exclusivas para bombas hidr\u00e1ulicas volum\u00e9tricas rotativas modelo F3V180 ou equivalentes<\/p>","protected":false},"featured_media":16832,"comment_status":"closed","ping_status":"closed","template":"","meta":{"_acf_changed":false,"om_disable_all_campaigns":false,"_monsterinsights_skip_tracking":false,"_monsterinsights_sitenote_active":false,"_monsterinsights_sitenote_note":"","_monsterinsights_sitenote_category":0,"_uf_show_specific_survey":0,"_uf_disable_surveys":false},"product_brand":[],"product_cat":[78,71,38,39],"product_tag":[239,240,1463,1461,1462,241,244,245,246],"class_list":{"0":"post-13920","1":"product","2":"type-product","3":"status-publish","4":"has-post-thumbnail","6":"product_cat-k3v-series-kawasaki","7":"product_cat-k5v-series-kawasaki-pecas","8":"product_cat-partes-e-pecas","9":"product_cat-bomba-hidraulica-pecas","10":"product_tag-sa-14506635","11":"product_tag-sa-7223-00260","12":"product_tag-sa14506635","13":"product_tag-sa7223-00260","14":"product_tag-voe-14502011","15":"product_tag-voe14502011","16":"product_tag-xjbn-00011","17":"product_tag-xjbn-00012","18":"product_tag-xjbn-00560","20":"first","21":"instock","22":"shipping-taxable","23":"product-type-simple"},"acf":[],"aioseo_notices":[],"_links":{"self":[{"href":"https:\/\/casadaescavadeira.com.br\/pt\/wp-json\/wp\/v2\/product\/13920","targetHints":{"allow":["GET"]}}],"collection":[{"href":"https:\/\/casadaescavadeira.com.br\/pt\/wp-json\/wp\/v2\/product"}],"about":[{"href":"https:\/\/casadaescavadeira.com.br\/pt\/wp-json\/wp\/v2\/types\/product"}],"replies":[{"embeddable":true,"href":"https:\/\/casadaescavadeira.com.br\/pt\/wp-json\/wp\/v2\/comments?post=13920"}],"wp:featuredmedia":[{"embeddable":true,"href":"https:\/\/casadaescavadeira.com.br\/pt\/wp-json\/wp\/v2\/media\/16832"}],"wp:attachment":[{"href":"https:\/\/casadaescavadeira.com.br\/pt\/wp-json\/wp\/v2\/media?parent=13920"}],"wp:term":[{"taxonomy":"product_brand","embeddable":true,"href":"https:\/\/casadaescavadeira.com.br\/pt\/wp-json\/wp\/v2\/product_brand?post=13920"},{"taxonomy":"product_cat","embeddable":true,"href":"https:\/\/casadaescavadeira.com.br\/pt\/wp-json\/wp\/v2\/product_cat?post=13920"},{"taxonomy":"product_tag","embeddable":true,"href":"https:\/\/casadaescavadeira.com.br\/pt\/wp-json\/wp\/v2\/product_tag?post=13920"}],"curies":[{"name":"wp","href":"https:\/\/api.w.org\/{rel}","templated":true}]}}