{"id":13896,"date":"2021-01-12T10:33:32","date_gmt":"2021-01-12T13:33:32","guid":{"rendered":"https:\/\/casadaescavadeira.com.br\/?post_type=product&#038;p=13896"},"modified":"2023-08-29T11:32:35","modified_gmt":"2023-08-29T14:32:35","slug":"luva-acopladora-f3v112dt","status":"publish","type":"product","link":"https:\/\/casadaescavadeira.com.br\/pt\/produto\/luva-acopladora-f3v112dt\/","title":{"rendered":"LUVA ACOPLADORA ESTRIADA F3V112DT"},"content":{"rendered":"<p>Luva acopladora s\u00e3o partes de a\u00e7o carbono exclusivas para bombas hidr\u00e1ulicas volum\u00e9tricas rotativas modelo F3V112 ou equivalentes<\/p>","protected":false},"excerpt":{"rendered":"<p>Luva acopladora s\u00e3o partes de a\u00e7o carbono exclusivas para bombas hidr\u00e1ulicas volum\u00e9tricas rotativas modelo F3V112 ou equivalentes<\/p>","protected":false},"featured_media":16844,"comment_status":"closed","ping_status":"closed","template":"","meta":{"_acf_changed":false,"om_disable_all_campaigns":false,"_monsterinsights_skip_tracking":false,"_monsterinsights_sitenote_active":false,"_monsterinsights_sitenote_note":"","_monsterinsights_sitenote_category":0,"_uf_show_specific_survey":0,"_uf_disable_surveys":false},"product_brand":[],"product_cat":[78,38,39],"product_tag":[477,1479,478,1480,479],"class_list":{"0":"post-13896","1":"product","2":"type-product","3":"status-publish","4":"has-post-thumbnail","6":"product_cat-k3v-series-kawasaki","7":"product_cat-partes-e-pecas","8":"product_cat-bomba-hidraulica-pecas","9":"product_tag-sa-8230-09660","10":"product_tag-sa8230-09660","11":"product_tag-voe-14727840","12":"product_tag-voe14727840","13":"product_tag-xjbn-00351","15":"first","16":"instock","17":"shipping-taxable","18":"product-type-simple"},"acf":[],"aioseo_notices":[],"_links":{"self":[{"href":"https:\/\/casadaescavadeira.com.br\/pt\/wp-json\/wp\/v2\/product\/13896","targetHints":{"allow":["GET"]}}],"collection":[{"href":"https:\/\/casadaescavadeira.com.br\/pt\/wp-json\/wp\/v2\/product"}],"about":[{"href":"https:\/\/casadaescavadeira.com.br\/pt\/wp-json\/wp\/v2\/types\/product"}],"replies":[{"embeddable":true,"href":"https:\/\/casadaescavadeira.com.br\/pt\/wp-json\/wp\/v2\/comments?post=13896"}],"wp:featuredmedia":[{"embeddable":true,"href":"https:\/\/casadaescavadeira.com.br\/pt\/wp-json\/wp\/v2\/media\/16844"}],"wp:attachment":[{"href":"https:\/\/casadaescavadeira.com.br\/pt\/wp-json\/wp\/v2\/media?parent=13896"}],"wp:term":[{"taxonomy":"product_brand","embeddable":true,"href":"https:\/\/casadaescavadeira.com.br\/pt\/wp-json\/wp\/v2\/product_brand?post=13896"},{"taxonomy":"product_cat","embeddable":true,"href":"https:\/\/casadaescavadeira.com.br\/pt\/wp-json\/wp\/v2\/product_cat?post=13896"},{"taxonomy":"product_tag","embeddable":true,"href":"https:\/\/casadaescavadeira.com.br\/pt\/wp-json\/wp\/v2\/product_tag?post=13896"}],"curies":[{"name":"wp","href":"https:\/\/api.w.org\/{rel}","templated":true}]}}