{"id":13867,"date":"2021-01-11T14:29:41","date_gmt":"2021-01-11T17:29:41","guid":{"rendered":"https:\/\/casadaescavadeira.com.br\/?post_type=product&#038;p=13867"},"modified":"2023-08-29T14:23:05","modified_gmt":"2023-08-29T17:23:05","slug":"pistoes-f5v80","status":"publish","type":"product","link":"https:\/\/casadaescavadeira.com.br\/pt\/produto\/pistoes-f5v80\/","title":{"rendered":"CONJUNTO DE 9 PIST\u00d5ES F5V80 (L=67MM)"},"content":{"rendered":"<p>Pist\u00f5es s\u00e3o pe\u00e7as de a\u00e7o carbono e bronze exclusivas para bombas hidr\u00e1ulicas do modelo F5V80 ou equivalentes<\/p>","protected":false},"excerpt":{"rendered":"<p>Pist\u00f5es s\u00e3o pe\u00e7as de a\u00e7o carbono e bronze exclusivas para bombas hidr\u00e1ulicas do modelo F5V80 ou equivalentes<\/p>","protected":false},"featured_media":16857,"comment_status":"closed","ping_status":"closed","template":"","meta":{"_acf_changed":false,"om_disable_all_campaigns":false,"_monsterinsights_skip_tracking":false,"_monsterinsights_sitenote_active":false,"_monsterinsights_sitenote_note":"","_monsterinsights_sitenote_category":0,"_uf_show_specific_survey":0,"_uf_disable_surveys":false},"product_brand":[],"product_cat":[71,38,39],"product_tag":[1237,138,105],"class_list":{"0":"post-13867","1":"product","2":"type-product","3":"status-publish","4":"has-post-thumbnail","6":"product_cat-k5v-series-kawasaki-pecas","7":"product_cat-partes-e-pecas","8":"product_cat-bomba-hidraulica-pecas","9":"product_tag-xjbn-00424","10":"product_tag-xjbn-00425","11":"product_tag-yn10v00043r200","13":"first","14":"instock","15":"shipping-taxable","16":"product-type-simple"},"acf":[],"aioseo_notices":[],"_links":{"self":[{"href":"https:\/\/casadaescavadeira.com.br\/pt\/wp-json\/wp\/v2\/product\/13867","targetHints":{"allow":["GET"]}}],"collection":[{"href":"https:\/\/casadaescavadeira.com.br\/pt\/wp-json\/wp\/v2\/product"}],"about":[{"href":"https:\/\/casadaescavadeira.com.br\/pt\/wp-json\/wp\/v2\/types\/product"}],"replies":[{"embeddable":true,"href":"https:\/\/casadaescavadeira.com.br\/pt\/wp-json\/wp\/v2\/comments?post=13867"}],"wp:featuredmedia":[{"embeddable":true,"href":"https:\/\/casadaescavadeira.com.br\/pt\/wp-json\/wp\/v2\/media\/16857"}],"wp:attachment":[{"href":"https:\/\/casadaescavadeira.com.br\/pt\/wp-json\/wp\/v2\/media?parent=13867"}],"wp:term":[{"taxonomy":"product_brand","embeddable":true,"href":"https:\/\/casadaescavadeira.com.br\/pt\/wp-json\/wp\/v2\/product_brand?post=13867"},{"taxonomy":"product_cat","embeddable":true,"href":"https:\/\/casadaescavadeira.com.br\/pt\/wp-json\/wp\/v2\/product_cat?post=13867"},{"taxonomy":"product_tag","embeddable":true,"href":"https:\/\/casadaescavadeira.com.br\/pt\/wp-json\/wp\/v2\/product_tag?post=13867"}],"curies":[{"name":"wp","href":"https:\/\/api.w.org\/{rel}","templated":true}]}}