{"id":13861,"date":"2021-01-06T11:19:35","date_gmt":"2021-01-06T14:19:35","guid":{"rendered":"https:\/\/casadaescavadeira.com.br\/?post_type=product&#038;p=13861"},"modified":"2024-11-22T10:54:52","modified_gmt":"2024-11-22T13:54:52","slug":"valvulas-solenoides-piloto-pc200-91005f-702-21-57400","status":"publish","type":"product","link":"https:\/\/casadaescavadeira.com.br\/pt\/produto\/valvulas-solenoides-piloto-pc200-91005f-702-21-57400\/","title":{"rendered":"V\u00c1LVULA SOLENOIDE PILOTO PC200 (91005F 702-21-57400)"},"content":{"rendered":"<p>V\u00e1lvula solenoide piloto 91005F 702-21-57400 s\u00e3o partes de a\u00e7o carbono conjugado a um chicote el\u00e9trico para aplica\u00e7\u00e3o exclusivas em escavadeiras da marca Komatsu, modelos PC200, PC210, PC220, PC360-7, PC360-8<\/p>","protected":false},"excerpt":{"rendered":"<p>V\u00e1lvula solenoide piloto 91005F 702-21-57400 s\u00e3o partes de a\u00e7o carbono conjugado a um chicote el\u00e9trico para aplica\u00e7\u00e3o exclusivas em escavadeiras da marca Komatsu, modelos PC200, PC210, PC220, PC360-7, PC360-8<\/p>","protected":false},"featured_media":16201,"comment_status":"closed","ping_status":"closed","template":"","meta":{"_acf_changed":false,"om_disable_all_campaigns":false,"_monsterinsights_skip_tracking":false,"_monsterinsights_sitenote_active":false,"_monsterinsights_sitenote_note":"","_monsterinsights_sitenote_category":0,"_uf_show_specific_survey":0,"_uf_disable_surveys":false},"product_brand":[],"product_cat":[406,407],"product_tag":[759],"class_list":{"0":"post-13861","1":"product","2":"type-product","3":"status-publish","4":"has-post-thumbnail","6":"product_cat-valvulas-eletricas-e-sensores","7":"product_cat-valvulas-eletricas","8":"product_tag-91005f-702-21-57400","9":"pa_marca-komatsu","11":"first","12":"instock","13":"shipping-taxable","14":"product-type-simple"},"acf":[],"aioseo_notices":[],"_links":{"self":[{"href":"https:\/\/casadaescavadeira.com.br\/pt\/wp-json\/wp\/v2\/product\/13861","targetHints":{"allow":["GET"]}}],"collection":[{"href":"https:\/\/casadaescavadeira.com.br\/pt\/wp-json\/wp\/v2\/product"}],"about":[{"href":"https:\/\/casadaescavadeira.com.br\/pt\/wp-json\/wp\/v2\/types\/product"}],"replies":[{"embeddable":true,"href":"https:\/\/casadaescavadeira.com.br\/pt\/wp-json\/wp\/v2\/comments?post=13861"}],"wp:featuredmedia":[{"embeddable":true,"href":"https:\/\/casadaescavadeira.com.br\/pt\/wp-json\/wp\/v2\/media\/16201"}],"wp:attachment":[{"href":"https:\/\/casadaescavadeira.com.br\/pt\/wp-json\/wp\/v2\/media?parent=13861"}],"wp:term":[{"taxonomy":"product_brand","embeddable":true,"href":"https:\/\/casadaescavadeira.com.br\/pt\/wp-json\/wp\/v2\/product_brand?post=13861"},{"taxonomy":"product_cat","embeddable":true,"href":"https:\/\/casadaescavadeira.com.br\/pt\/wp-json\/wp\/v2\/product_cat?post=13861"},{"taxonomy":"product_tag","embeddable":true,"href":"https:\/\/casadaescavadeira.com.br\/pt\/wp-json\/wp\/v2\/product_tag?post=13861"}],"curies":[{"name":"wp","href":"https:\/\/api.w.org\/{rel}","templated":true}]}}