{"id":13857,"date":"2021-01-06T11:04:13","date_gmt":"2021-01-06T14:04:13","guid":{"rendered":"https:\/\/casadaescavadeira.com.br\/?post_type=product&#038;p=13857"},"modified":"2023-05-11T17:35:43","modified_gmt":"2023-05-11T20:35:43","slug":"sensor-eletrico-de-pressao-alta-50mpa-khr41950","status":"publish","type":"product","link":"https:\/\/casadaescavadeira.com.br\/pt\/produto\/sensor-eletrico-de-pressao-alta-50mpa-khr41950\/","title":{"rendered":"SENSOR EL\u00c9TRICO DE PRESS\u00c3O ALTA 50MPA KHR41950"},"content":{"rendered":"<p>Sensores el\u00e9tricos de press\u00e3o alta 50MPa s\u00e3o partes de a\u00e7o carbono conjugadas a um conector pl\u00e1stico utilizados em escavadeiras hidr\u00e1ulicas para medi\u00e7\u00e3o da press\u00e3o hidr\u00e1ulica em circuitos fechados. Compat\u00edvel com as bombas das escavadeiras E145C EV; E175C EVO; E215C EVO; E245C EVO; E385C EVO e E485C EVO.<\/p>\n<p>&nbsp;<\/p>\n<p>&nbsp;<\/p>","protected":false},"excerpt":{"rendered":"<p>Sensores el\u00e9tricos de press\u00e3o alta 50MPa s\u00e3o partes de a\u00e7o carbono conjugadas a um conector pl\u00e1stico utilizados em escavadeiras hidr\u00e1ulicas para medi\u00e7\u00e3o da press\u00e3o hidr\u00e1ulica em circuitos fechados. Compat\u00edvel com as bombas das escavadeiras E145C EV; E175C EVO; E215C EVO; E245C EVO; E385C EVO e E485C EVO.<\/p>","protected":false},"featured_media":13858,"comment_status":"open","ping_status":"closed","template":"","meta":{"_acf_changed":false,"om_disable_all_campaigns":false,"_monsterinsights_skip_tracking":false,"_monsterinsights_sitenote_active":false,"_monsterinsights_sitenote_note":"","_monsterinsights_sitenote_category":0,"_uf_show_specific_survey":0,"_uf_disable_surveys":false},"product_brand":[],"product_cat":[648,406],"product_tag":[701,702,703,704],"class_list":{"0":"post-13857","1":"product","2":"type-product","3":"status-publish","4":"has-post-thumbnail","6":"product_cat-sensores","7":"product_cat-valvulas-eletricas-e-sensores","8":"product_tag-701","9":"product_tag-702","10":"product_tag-khr10290","11":"product_tag-khr41950","12":"pa_marca-case","14":"first","15":"instock","16":"shipping-taxable","17":"product-type-simple"},"acf":[],"aioseo_notices":[],"_links":{"self":[{"href":"https:\/\/casadaescavadeira.com.br\/pt\/wp-json\/wp\/v2\/product\/13857","targetHints":{"allow":["GET"]}}],"collection":[{"href":"https:\/\/casadaescavadeira.com.br\/pt\/wp-json\/wp\/v2\/product"}],"about":[{"href":"https:\/\/casadaescavadeira.com.br\/pt\/wp-json\/wp\/v2\/types\/product"}],"replies":[{"embeddable":true,"href":"https:\/\/casadaescavadeira.com.br\/pt\/wp-json\/wp\/v2\/comments?post=13857"}],"wp:featuredmedia":[{"embeddable":true,"href":"https:\/\/casadaescavadeira.com.br\/pt\/wp-json\/wp\/v2\/media\/13858"}],"wp:attachment":[{"href":"https:\/\/casadaescavadeira.com.br\/pt\/wp-json\/wp\/v2\/media?parent=13857"}],"wp:term":[{"taxonomy":"product_brand","embeddable":true,"href":"https:\/\/casadaescavadeira.com.br\/pt\/wp-json\/wp\/v2\/product_brand?post=13857"},{"taxonomy":"product_cat","embeddable":true,"href":"https:\/\/casadaescavadeira.com.br\/pt\/wp-json\/wp\/v2\/product_cat?post=13857"},{"taxonomy":"product_tag","embeddable":true,"href":"https:\/\/casadaescavadeira.com.br\/pt\/wp-json\/wp\/v2\/product_tag?post=13857"}],"curies":[{"name":"wp","href":"https:\/\/api.w.org\/{rel}","templated":true}]}}