{"id":13856,"date":"2021-01-06T11:00:42","date_gmt":"2021-01-06T14:00:42","guid":{"rendered":"https:\/\/casadaescavadeira.com.br\/?post_type=product&#038;p=13856"},"modified":"2024-03-15T11:17:11","modified_gmt":"2024-03-15T14:17:11","slug":"sensor-eletrico-de-pressao-baixa-5mpa-e215b-e385b-e215c-e245c","status":"publish","type":"product","link":"https:\/\/casadaescavadeira.com.br\/pt\/produto\/sensor-eletrico-de-pressao-baixa-5mpa-e215b-e385b-e215c-e245c\/","title":{"rendered":"SENSOR EL\u00c9TRICO DE PRESS\u00c3O BAIXA 5MPA (87608371)"},"content":{"rendered":"<p>Sensores el\u00e9tricos de press\u00e3o baixa 5MPa s\u00e3o partes de a\u00e7o carbono conjugadas a um conector pl\u00e1stico utilizados em escavadeiras hidr\u00e1ulicas para medi\u00e7\u00e3o da press\u00e3o hidr\u00e1ulica em circuitos fechados. Compat\u00edveis com as bombas aplicadas nas escavadeiras E215B; E385B; E215C; E245C; E175C; E215C; E385C; E485B.<\/p>","protected":false},"excerpt":{"rendered":"<p>Sensores el\u00e9tricos de press\u00e3o baixa 5MPa s\u00e3o partes de a\u00e7o carbono conjugadas a um conector pl\u00e1stico utilizados em escavadeiras hidr\u00e1ulicas para medi\u00e7\u00e3o da press\u00e3o hidr\u00e1ulica em circuitos fechados. Compat\u00edveis com as bombas aplicadas nas escavadeiras E215B; E385B; E215C; E245C; E175C; E215C; E385C; E485B.<\/p>","protected":false},"featured_media":16201,"comment_status":"closed","ping_status":"closed","template":"","meta":{"_acf_changed":false,"om_disable_all_campaigns":false,"_monsterinsights_skip_tracking":false,"_monsterinsights_sitenote_active":false,"_monsterinsights_sitenote_note":"","_monsterinsights_sitenote_category":0,"_uf_show_specific_survey":0,"_uf_disable_surveys":false},"product_brand":[],"product_cat":[648,406],"product_tag":[688,689,690,691,692,693,694,695,696,697,698,699,700],"class_list":{"0":"post-13856","1":"product","2":"type-product","3":"status-publish","4":"has-post-thumbnail","6":"product_cat-sensores","7":"product_cat-valvulas-eletricas-e-sensores","8":"product_tag-688","9":"product_tag-689","10":"product_tag-690","11":"product_tag-691","12":"product_tag-692","13":"product_tag-693","14":"product_tag-694","15":"product_tag-695","16":"product_tag-lc52s00011p1","17":"product_tag-lc52s00019p1","18":"product_tag-yn52s00102p1","19":"product_tag-yx52s00010p1","20":"product_tag-yx52s00013p1","21":"pa_marca-new-holland","23":"first","24":"instock","25":"shipping-taxable","26":"product-type-simple"},"acf":[],"aioseo_notices":[],"_links":{"self":[{"href":"https:\/\/casadaescavadeira.com.br\/pt\/wp-json\/wp\/v2\/product\/13856","targetHints":{"allow":["GET"]}}],"collection":[{"href":"https:\/\/casadaescavadeira.com.br\/pt\/wp-json\/wp\/v2\/product"}],"about":[{"href":"https:\/\/casadaescavadeira.com.br\/pt\/wp-json\/wp\/v2\/types\/product"}],"replies":[{"embeddable":true,"href":"https:\/\/casadaescavadeira.com.br\/pt\/wp-json\/wp\/v2\/comments?post=13856"}],"wp:featuredmedia":[{"embeddable":true,"href":"https:\/\/casadaescavadeira.com.br\/pt\/wp-json\/wp\/v2\/media\/16201"}],"wp:attachment":[{"href":"https:\/\/casadaescavadeira.com.br\/pt\/wp-json\/wp\/v2\/media?parent=13856"}],"wp:term":[{"taxonomy":"product_brand","embeddable":true,"href":"https:\/\/casadaescavadeira.com.br\/pt\/wp-json\/wp\/v2\/product_brand?post=13856"},{"taxonomy":"product_cat","embeddable":true,"href":"https:\/\/casadaescavadeira.com.br\/pt\/wp-json\/wp\/v2\/product_cat?post=13856"},{"taxonomy":"product_tag","embeddable":true,"href":"https:\/\/casadaescavadeira.com.br\/pt\/wp-json\/wp\/v2\/product_tag?post=13856"}],"curies":[{"name":"wp","href":"https:\/\/api.w.org\/{rel}","templated":true}]}}